{"id":3221,"date":"2026-04-13T16:46:48","date_gmt":"2026-04-13T19:46:48","guid":{"rendered":"https:\/\/mandohome.com.ar\/tienda\/?page_id=3221"},"modified":"2026-04-13T16:48:06","modified_gmt":"2026-04-13T19:48:06","slug":"politica-de-devoluciones","status":"publish","type":"page","link":"https:\/\/mandohome.com.ar\/tienda\/politica-de-devoluciones\/","title":{"rendered":"Pol\u00edtica de devoluciones"},"content":{"rendered":"\n<p><strong>Pol\u00edtica de devoluciones<\/strong><\/p>\n\n\n\n<p>En Mando Home buscamos garantizar la satisfacci\u00f3n de nuestros clientes en cada compra.<\/p>\n\n\n\n<p>Aceptamos devoluciones dentro de los 10 d\u00edas posteriores a la entrega del producto. Para ello, el producto debe encontrarse en perfecto estado, sin uso y con su embalaje original.<\/p>\n\n\n\n<p>En caso de productos defectuosos o errores en el env\u00edo, nos comprometemos a ofrecer una soluci\u00f3n adecuada, ya sea cambio o reposici\u00f3n del producto.<\/p>\n\n\n\n<p>Los costos de env\u00edo asociados a devoluciones por motivos ajenos a defectos correr\u00e1n por cuenta del cliente.<\/p>\n\n\n\n<p>Para iniciar una solicitud de devoluci\u00f3n, pod\u00e9s contactarnos a trav\u00e9s de nuestros canales de atenci\u00f3n.<\/p>\n\n\n\n<p><\/p>\n","protected":false},"excerpt":{"rendered":"<p>Pol\u00edtica de devoluciones En Mando Home buscamos garantizar la satisfacci\u00f3n de nuestros clientes en cada compra. Aceptamos devoluciones dentro de los 10 d\u00edas posteriores a la entrega del producto. Para ello, el producto debe encontrarse en perfecto estado, sin uso y con su embalaje original. En caso de productos defectuosos o errores en el env\u00edo, [&hellip;]<\/p>\n","protected":false},"author":16,"featured_media":0,"parent":0,"menu_order":0,"comment_status":"closed","ping_status":"closed","template":"","meta":{"_gspb_post_css":"","_uag_custom_page_level_css":"","_themeisle_gutenberg_block_has_review":false,"footnotes":""},"class_list":["post-3221","page","type-page","status-publish","hentry"],"blocksy_meta":[],"uagb_featured_image_src":{"full":false,"thumbnail":false,"medium":false,"medium_large":false,"large":false,"1536x1536":false,"2048x2048":false,"woocommerce_archive_thumbnail":false,"woocommerce_thumbnail":false,"woocommerce_single":false,"woocommerce_gallery_thumbnail":false},"uagb_author_info":{"display_name":"Manuel Doldan","author_link":"https:\/\/mandohome.com.ar\/tienda\/author\/mdoldan\/"},"uagb_comment_info":0,"uagb_excerpt":"Pol\u00edtica de devoluciones En Mando Home buscamos garantizar la satisfacci\u00f3n de nuestros clientes en cada compra. Aceptamos devoluciones dentro de los 10 d\u00edas posteriores a la entrega del producto. Para ello, el producto debe encontrarse en perfecto estado, sin uso y con su embalaje original. En caso de productos defectuosos o errores en el env\u00edo,&hellip;","jetpack_sharing_enabled":true,"_links":{"self":[{"href":"https:\/\/mandohome.com.ar\/tienda\/wp-json\/wp\/v2\/pages\/3221","targetHints":{"allow":["GET"]}}],"collection":[{"href":"https:\/\/mandohome.com.ar\/tienda\/wp-json\/wp\/v2\/pages"}],"about":[{"href":"https:\/\/mandohome.com.ar\/tienda\/wp-json\/wp\/v2\/types\/page"}],"author":[{"embeddable":true,"href":"https:\/\/mandohome.com.ar\/tienda\/wp-json\/wp\/v2\/users\/16"}],"replies":[{"embeddable":true,"href":"https:\/\/mandohome.com.ar\/tienda\/wp-json\/wp\/v2\/comments?post=3221"}],"version-history":[{"count":2,"href":"https:\/\/mandohome.com.ar\/tienda\/wp-json\/wp\/v2\/pages\/3221\/revisions"}],"predecessor-version":[{"id":3223,"href":"https:\/\/mandohome.com.ar\/tienda\/wp-json\/wp\/v2\/pages\/3221\/revisions\/3223"}],"wp:attachment":[{"href":"https:\/\/mandohome.com.ar\/tienda\/wp-json\/wp\/v2\/media?parent=3221"}],"curies":[{"name":"wp","href":"https:\/\/api.w.org\/{rel}","templated":true}]}}