{"id":628,"date":"2022-01-19T09:40:52","date_gmt":"2022-01-19T09:40:52","guid":{"rendered":"https:\/\/startersites.io\/stagingthree\/?page_id=628"},"modified":"2025-02-25T08:42:40","modified_gmt":"2025-02-25T11:42:40","slug":"about-us","status":"publish","type":"page","link":"https:\/\/mandohome.com.ar\/tienda\/about-us\/","title":{"rendered":"\u00bfQui\u00e9nes somos?"},"content":{"rendered":"\n<div class=\"wp-block-stackable-spacer stk-block-spacer stk--no-padding stk-block stk-8ff9044\" data-block-id=\"8ff9044\"><style>.stk-8ff9044 {height:30px !important;}@media screen and (max-width:999px){.stk-8ff9044 {height:80px !important;}}@media screen and (max-width:689px){.stk-8ff9044 {height:50px !important;}}<\/style><\/div>\n\n\n\n<div class=\"wp-block-stackable-columns stk-block-columns stk-block stk-f4f71a9\" data-block-id=\"f4f71a9\"><style>.stk-f4f71a9 {margin-bottom:0px !important;}.stk-f4f71a9-column{--stk-column-gap:30px !important;}@media screen and (max-width:689px){.stk-f4f71a9-column{row-gap:50px !important;}}<\/style><div class=\"stk-row stk-inner-blocks stk-block-content stk-content-align stk-f4f71a9-column\">\n<div class=\"wp-block-stackable-column stk-block-column stk-column stk-block stk-c7b93a1\" data-v=\"4\" data-block-id=\"c7b93a1\"><style>.stk-c7b93a1-container{margin-top:0px !important;margin-right:0px !important;margin-bottom:0px !important;margin-left:0px !important;}<\/style><div class=\"stk-column-wrapper stk-block-column__content stk-container stk-c7b93a1-container stk--no-background stk--no-padding\"><div class=\"stk-block-content stk-inner-blocks stk-c7b93a1-inner-blocks\">\n<figure class=\"wp-block-image size-full is-resized\"><img loading=\"lazy\" decoding=\"async\" width=\"850\" height=\"567\" src=\"https:\/\/mandohome.com.ar\/tienda\/wp-content\/uploads\/2025\/02\/IMG_1399.jpg\" alt=\"\" class=\"wp-image-1236\" style=\"width:600px\" srcset=\"https:\/\/mandohome.com.ar\/tienda\/wp-content\/uploads\/2025\/02\/IMG_1399.jpg 850w, https:\/\/mandohome.com.ar\/tienda\/wp-content\/uploads\/2025\/02\/IMG_1399-300x200.jpg 300w, https:\/\/mandohome.com.ar\/tienda\/wp-content\/uploads\/2025\/02\/IMG_1399-768x512.jpg 768w, https:\/\/mandohome.com.ar\/tienda\/wp-content\/uploads\/2025\/02\/IMG_1399-600x400.jpg 600w\" sizes=\"auto, (max-width: 850px) 100vw, 850px\" \/><\/figure>\n<\/div><\/div><\/div>\n\n\n\n<div class=\"wp-block-stackable-column stk-block-column stk-column stk-block stk-4ab3eb2\" data-v=\"4\" data-block-id=\"4ab3eb2\"><style>.stk-4ab3eb2-container{margin-top:0px !important;margin-right:0px !important;margin-bottom:0px !important;margin-left:0px !important;}<\/style><div class=\"stk-column-wrapper stk-block-column__content stk-container stk-4ab3eb2-container stk--no-background stk--no-padding\"><div class=\"stk-block-content stk-inner-blocks stk-4ab3eb2-inner-blocks\">\n<figure class=\"wp-block-image size-large is-resized\"><img loading=\"lazy\" decoding=\"async\" width=\"1024\" height=\"512\" src=\"https:\/\/mandohome.com.ar\/tienda\/wp-content\/uploads\/2025\/02\/mando-home-logo-alta-1024x512.jpg\" alt=\"\" class=\"wp-image-1265\" style=\"width:250px\" srcset=\"https:\/\/mandohome.com.ar\/tienda\/wp-content\/uploads\/2025\/02\/mando-home-logo-alta-1024x512.jpg 1024w, https:\/\/mandohome.com.ar\/tienda\/wp-content\/uploads\/2025\/02\/mando-home-logo-alta-300x150.jpg 300w, https:\/\/mandohome.com.ar\/tienda\/wp-content\/uploads\/2025\/02\/mando-home-logo-alta-768x384.jpg 768w, https:\/\/mandohome.com.ar\/tienda\/wp-content\/uploads\/2025\/02\/mando-home-logo-alta-1536x769.jpg 1536w, https:\/\/mandohome.com.ar\/tienda\/wp-content\/uploads\/2025\/02\/mando-home-logo-alta-2048x1025.jpg 2048w, https:\/\/mandohome.com.ar\/tienda\/wp-content\/uploads\/2025\/02\/mando-home-logo-alta-600x300.jpg 600w\" sizes=\"auto, (max-width: 1024px) 100vw, 1024px\" \/><\/figure>\n\n\n\n<p><\/p>\n\n\n\n<p>En <strong>Mando<\/strong>, creamos muebles que van m\u00e1s all\u00e1 del dise\u00f1o: son piezas \u00fanicas pensadas para transformar espacios y reflejar la personalidad de quienes los habitan. Cada proyecto es una combinaci\u00f3n de <strong>estilo, funcionalidad y calidad<\/strong>, dise\u00f1ado a medida para lograr ambientes que inspiran.<\/p>\n\n\n\n<div class=\"wp-block-stackable-text stk-block-text stk-block stk-b216591\" data-block-id=\"b216591\"><p class=\"stk-block-text__text has-text-align-center-mobile\">Nuestra f\u00e1brica propia y showroom en <strong>Puerto Madero<\/strong> nos permiten ofrecer un servicio integral, desde la <strong>selecci\u00f3n del mobiliario<\/strong> hasta la <strong>instalaci\u00f3n y montaje<\/strong>. Contamos con un equipo de arquitectos, dise\u00f1adores y maestros artesanos que cuidan cada detalle para lograr acabados impecables.<\/p><\/div>\n<\/div><\/div><\/div>\n<\/div><\/div>\n\n\n\n<div class=\"wp-block-stackable-columns stk-block-columns stk-block stk-23f7d34\" data-block-id=\"23f7d34\"><style>.stk-23f7d34 .stk--block-align-23f7d34{align-items:center !important;}.stk-23f7d34 {margin-bottom:0px !important;}.stk-23f7d34-column{--stk-column-gap:60px !important;row-gap:50px !important;}@media screen and (max-width:689px){.stk-23f7d34-column{row-gap:50px !important;}}<\/style><div class=\"stk-row stk-inner-blocks stk--block-align-23f7d34 stk-block-content stk-content-align stk-23f7d34-column\">\n<div class=\"wp-block-stackable-column stk-block-column stk-column stk-block stk-dba065b\" data-v=\"4\" data-block-id=\"dba065b\"><style>.stk-dba065b-container{margin-top:0px !important;margin-right:0px !important;margin-bottom:0px !important;margin-left:0px !important;}@media screen and (min-width:690px){.stk-dba065b {flex:var(--stk-flex-grow, 1) 1 calc(45% - var(--stk-column-gap, 0px) * 1 \/ 2 ) !important;}}@media screen and (min-width:690px) and (max-width:999px){.stk-dba065b {flex:var(--stk-flex-grow, 1) 1 calc(100% - var(--stk-column-gap, 0px) * 0 \/ 1 ) !important;}}<\/style><div class=\"stk-column-wrapper stk-block-column__content stk-container stk-dba065b-container stk--no-background stk--no-padding\"><div class=\"stk-block-content stk-inner-blocks stk-dba065b-inner-blocks\">\n<div class=\"wp-block-stackable-heading stk-block-heading stk-block-heading--v2 stk-block stk-c4b959c\" id=\"strong-nuestros-servicios-incluyen-strong\" data-block-id=\"c4b959c\"><style>.stk-c4b959c {margin-bottom:10px !important;}@media screen and (max-width:689px){.stk-c4b959c .stk-block-heading__text{font-size:25px !important;}}<\/style><h3 class=\"stk-block-heading__text has-text-align-center-tablet\"><strong>Nuestros servicios incluyen:<\/strong><\/h3><\/div>\n\n\n\n<div class=\"wp-block-stackable-text stk-block-text stk-block stk-e388663\" data-block-id=\"e388663\"><style>.stk-e388663 {margin-bottom:50px !important;}@media screen and (max-width:689px){.stk-e388663 {margin-bottom:30px !important;}}<\/style><p class=\"stk-block-text__text has-text-align-center-tablet\">\u2714 <strong>Dise\u00f1o y fabricaci\u00f3n de muebles a medida<br><\/strong>\u2714 <strong>Dise\u00f1o integral de espacios<br><\/strong>\u2714 <strong>Mobiliario para eventos especiales y proyectos corporativos<br><\/strong>\u2714 <strong>Tapicer\u00eda y taller de lustrado propio<\/strong><\/p><\/div>\n\n\n\n<p>Cada mueble que creamos es una pieza de dise\u00f1o \u00fanica, pensada para aportar <strong>confort, elegancia y exclusividad<\/strong> a cada espacio.<\/p>\n\n\n\n<div class=\"wp-block-stackable-button-group stk-block-button-group stk-block stk-61a3042\" data-block-id=\"61a3042\"><div class=\"stk-row stk-inner-blocks has-text-align-center-tablet stk-block-content stk-button-group\">\n<div class=\"wp-block-stackable-button stk-block-button stk-block stk-ac49bbf\" data-block-id=\"ac49bbf\"><style>.stk-ac49bbf .stk-button{padding-right:25px !important;padding-left:25px !important;background:var(--theme-palette-color-1, #B3A79B) !important;}.stk-ac49bbf .stk-button:hover:after{background:var(--theme-palette-color-2, #FAED24) !important;opacity:1 !important;}.stk-ac49bbf .stk-button__inner-text{font-size:18px !important;color:var(--theme-palette-color-5, #ffffff) !important;}.stk-ac49bbf .stk-button:hover .stk-button__inner-text{color:var(--theme-palette-color-4, #111518) !important;}@media screen and (max-width:999px){.stk-ac49bbf .stk-button__inner-text{font-size:18px !important;}}<\/style><a class=\"stk-link stk-button stk--hover-effect-darken\" href=\"https:\/\/mandohome.com.ar\/tienda\/shop\/\"><span class=\"has-text-color stk-button__inner-text\"><strong>Productos<\/strong><\/span><\/a><\/div>\n\n\n\n<div class=\"wp-block-stackable-button stk-block-button stk-block stk-9f57b95\" data-block-id=\"9f57b95\"><style>.stk-9f57b95 .stk-button{padding-right:25px !important;padding-left:25px !important;background:var(--theme-palette-color-1, #B3A79B) !important;}.stk-9f57b95 .stk-button:hover:after{background:var(--theme-palette-color-2, #FAED24) !important;opacity:1 !important;}.stk-9f57b95 .stk-button__inner-text{font-size:18px !important;color:var(--theme-palette-color-5, #ffffff) !important;}.stk-9f57b95 .stk-button:hover .stk-button__inner-text{color:var(--theme-palette-color-4, #111518) !important;}@media screen and (max-width:999px){.stk-9f57b95 .stk-button__inner-text{font-size:18px !important;}}<\/style><a class=\"stk-link stk-button stk--hover-effect-darken\" href=\"https:\/\/mandohome.com.ar\/tienda\/blog\/\"><span class=\"has-text-color stk-button__inner-text\"><strong>Novedades<\/strong><\/span><\/a><\/div>\n<\/div><\/div>\n<\/div><\/div><\/div>\n\n\n\n<div class=\"wp-block-stackable-column stk-block-column stk-column stk-block stk-f3bdcdd\" data-v=\"4\" data-block-id=\"f3bdcdd\"><style>.stk-f3bdcdd-container{margin-top:0px !important;margin-right:0px !important;margin-bottom:0px !important;margin-left:0px !important;}@media screen and (min-width:690px){.stk-f3bdcdd {flex:var(--stk-flex-grow, 1) 1 calc(55% - var(--stk-column-gap, 0px) * 1 \/ 2 ) !important;}}@media screen and (min-width:690px) and (max-width:999px){.stk-f3bdcdd {flex:var(--stk-flex-grow, 1) 1 calc(100% - var(--stk-column-gap, 0px) * 0 \/ 1 ) !important;}}<\/style><div class=\"stk-column-wrapper stk-block-column__content stk-container stk-f3bdcdd-container stk--no-background stk--no-padding\"><div class=\"stk-block-content stk-inner-blocks stk-f3bdcdd-inner-blocks\">\n<figure class=\"wp-block-image size-large is-resized\"><img loading=\"lazy\" decoding=\"async\" width=\"1024\" height=\"1024\" src=\"https:\/\/mandohome.com.ar\/tienda\/wp-content\/uploads\/2025\/02\/sillon-d-1024x1024.jpg\" alt=\"\" class=\"wp-image-970\" style=\"object-fit:cover;width:500px;height:500px\" srcset=\"https:\/\/mandohome.com.ar\/tienda\/wp-content\/uploads\/2025\/02\/sillon-d-1024x1024.jpg 1024w, https:\/\/mandohome.com.ar\/tienda\/wp-content\/uploads\/2025\/02\/sillon-d-300x300.jpg 300w, https:\/\/mandohome.com.ar\/tienda\/wp-content\/uploads\/2025\/02\/sillon-d-150x150.jpg 150w, https:\/\/mandohome.com.ar\/tienda\/wp-content\/uploads\/2025\/02\/sillon-d-768x768.jpg 768w, https:\/\/mandohome.com.ar\/tienda\/wp-content\/uploads\/2025\/02\/sillon-d-600x600.jpg 600w, https:\/\/mandohome.com.ar\/tienda\/wp-content\/uploads\/2025\/02\/sillon-d-100x100.jpg 100w, https:\/\/mandohome.com.ar\/tienda\/wp-content\/uploads\/2025\/02\/sillon-d.jpg 1080w\" sizes=\"auto, (max-width: 1024px) 100vw, 1024px\" \/><\/figure>\n<\/div><\/div><\/div>\n<\/div><\/div>\n\n\n\n<div class=\"wp-block-stackable-spacer stk-block-spacer stk--no-padding stk-block stk-9c18f09\" data-block-id=\"9c18f09\"><style>.stk-9c18f09 {height:100px !important;}@media screen and (max-width:999px){.stk-9c18f09 {height:80px !important;}}<\/style><\/div>\n","protected":false},"excerpt":{"rendered":"<p>En Mando, creamos muebles que van m\u00e1s all\u00e1 del dise\u00f1o: son piezas \u00fanicas pensadas para transformar espacios y reflejar la personalidad de quienes los habitan. Cada proyecto es una combinaci\u00f3n de estilo, funcionalidad y calidad, dise\u00f1ado a medida para lograr ambientes que inspiran. Nuestra f\u00e1brica propia y showroom en Puerto Madero nos permiten ofrecer un [&hellip;]<\/p>\n","protected":false},"author":2,"featured_media":0,"parent":0,"menu_order":0,"comment_status":"closed","ping_status":"closed","template":"","meta":{"_gspb_post_css":"","_uag_custom_page_level_css":"","_themeisle_gutenberg_block_has_review":false,"footnotes":""},"class_list":["post-628","page","type-page","status-publish","hentry"],"blocksy_meta":{"styles_descriptor":{"styles":{"desktop":"","tablet":"","mobile":""},"google_fonts":[],"version":6}},"uagb_featured_image_src":{"full":false,"thumbnail":false,"medium":false,"medium_large":false,"large":false,"1536x1536":false,"2048x2048":false,"woocommerce_archive_thumbnail":false,"woocommerce_thumbnail":false,"woocommerce_single":false,"woocommerce_gallery_thumbnail":false},"uagb_author_info":{"display_name":"Simon Acosta","author_link":"https:\/\/mandohome.com.ar\/tienda\/author\/cortexdev\/"},"uagb_comment_info":0,"uagb_excerpt":"En Mando, creamos muebles que van m\u00e1s all\u00e1 del dise\u00f1o: son piezas \u00fanicas pensadas para transformar espacios y reflejar la personalidad de quienes los habitan. Cada proyecto es una combinaci\u00f3n de estilo, funcionalidad y calidad, dise\u00f1ado a medida para lograr ambientes que inspiran. Nuestra f\u00e1brica propia y showroom en Puerto Madero nos permiten ofrecer un&hellip;","jetpack_sharing_enabled":true,"_links":{"self":[{"href":"https:\/\/mandohome.com.ar\/tienda\/wp-json\/wp\/v2\/pages\/628","targetHints":{"allow":["GET"]}}],"collection":[{"href":"https:\/\/mandohome.com.ar\/tienda\/wp-json\/wp\/v2\/pages"}],"about":[{"href":"https:\/\/mandohome.com.ar\/tienda\/wp-json\/wp\/v2\/types\/page"}],"author":[{"embeddable":true,"href":"https:\/\/mandohome.com.ar\/tienda\/wp-json\/wp\/v2\/users\/2"}],"replies":[{"embeddable":true,"href":"https:\/\/mandohome.com.ar\/tienda\/wp-json\/wp\/v2\/comments?post=628"}],"version-history":[{"count":22,"href":"https:\/\/mandohome.com.ar\/tienda\/wp-json\/wp\/v2\/pages\/628\/revisions"}],"predecessor-version":[{"id":1302,"href":"https:\/\/mandohome.com.ar\/tienda\/wp-json\/wp\/v2\/pages\/628\/revisions\/1302"}],"wp:attachment":[{"href":"https:\/\/mandohome.com.ar\/tienda\/wp-json\/wp\/v2\/media?parent=628"}],"curies":[{"name":"wp","href":"https:\/\/api.w.org\/{rel}","templated":true}]}}