{"id":2307,"date":"2025-09-02T10:45:24","date_gmt":"2025-09-02T13:45:24","guid":{"rendered":"https:\/\/mandohome.com.ar\/tienda\/?post_type=product&#038;p=2307"},"modified":"2026-04-10T16:33:52","modified_gmt":"2026-04-10T19:33:52","slug":"mesa-wanda","status":"publish","type":"product","link":"https:\/\/mandohome.com.ar\/tienda\/producto\/mesa-wanda\/","title":{"rendered":"Mesa WANDA"},"content":{"rendered":"<p><strong>Mesa con tapa en Puraston y estructura interna en madera maciza de para\u00edso, que combina resistencia y belleza natural. Su base ovalada enchapada en para\u00edso, con lustre wengu\u00e9 semi mate, aporta un acabado sofisticado y elegante, ideal para espacios c\u00e1lidos y modernos. Medidas: Largo:1.80 mts por 0.90cm de ancho con una altura de 0.75cm<\/strong><\/p>\n","protected":false},"excerpt":{"rendered":"<p>Mesa con tapa en Puraston y estructura interna en madera maciza de para\u00edso, que combina resistencia y belleza natural. Su base ovalada enchapada en para\u00edso, con lustre wengu\u00e9 semi mate, aporta un acabado sofisticado y elegante, ideal para espacios c\u00e1lidos y modernos. Medidas: Largo:1.80 mts por 0.90cm de ancho con una altura de 0.75cm<\/p>\n","protected":false},"featured_media":2531,"template":"","meta":{"_gspb_post_css":"","_uag_custom_page_level_css":"","_themeisle_gutenberg_block_has_review":false},"product_brand":[67],"product_cat":[93,91,107],"product_tag":[],"class_list":{"0":"post-2307","1":"product","2":"type-product","3":"status-publish","4":"has-post-thumbnail","6":"product_brand-mandohome","7":"product_cat-living-comedor","8":"product_cat-mesas","9":"product_cat-muebles","11":"first","12":"instock","13":"shipping-taxable","14":"product-type-external"},"uagb_featured_image_src":{"full":["https:\/\/mandohome.com.ar\/tienda\/wp-content\/uploads\/2025\/09\/ChatGPT-Image-10-sept-2025-15_33_03.png",1024,1536,false],"thumbnail":["https:\/\/mandohome.com.ar\/tienda\/wp-content\/uploads\/2025\/09\/ChatGPT-Image-10-sept-2025-15_33_03-150x150.png",150,150,true],"medium":["https:\/\/mandohome.com.ar\/tienda\/wp-content\/uploads\/2025\/09\/ChatGPT-Image-10-sept-2025-15_33_03-200x300.png",200,300,true],"medium_large":["https:\/\/mandohome.com.ar\/tienda\/wp-content\/uploads\/2025\/09\/ChatGPT-Image-10-sept-2025-15_33_03-768x1152.png",768,1152,true],"large":["https:\/\/mandohome.com.ar\/tienda\/wp-content\/uploads\/2025\/09\/ChatGPT-Image-10-sept-2025-15_33_03-683x1024.png",683,1024,true],"1536x1536":["https:\/\/mandohome.com.ar\/tienda\/wp-content\/uploads\/2025\/09\/ChatGPT-Image-10-sept-2025-15_33_03.png",1024,1536,false],"2048x2048":["https:\/\/mandohome.com.ar\/tienda\/wp-content\/uploads\/2025\/09\/ChatGPT-Image-10-sept-2025-15_33_03.png",1024,1536,false],"woocommerce_archive_thumbnail":["https:\/\/mandohome.com.ar\/tienda\/wp-content\/uploads\/2025\/09\/ChatGPT-Image-10-sept-2025-15_33_03-300x450.png",300,450,true],"woocommerce_thumbnail":["https:\/\/mandohome.com.ar\/tienda\/wp-content\/uploads\/2025\/09\/ChatGPT-Image-10-sept-2025-15_33_03-300x300.png",300,300,true],"woocommerce_single":["https:\/\/mandohome.com.ar\/tienda\/wp-content\/uploads\/2025\/09\/ChatGPT-Image-10-sept-2025-15_33_03-600x900.png",600,900,true],"woocommerce_gallery_thumbnail":["https:\/\/mandohome.com.ar\/tienda\/wp-content\/uploads\/2025\/09\/ChatGPT-Image-10-sept-2025-15_33_03-100x100.png",100,100,true]},"uagb_author_info":{"display_name":"CortexDigital","author_link":"https:\/\/mandohome.com.ar\/tienda\/author\/"},"uagb_comment_info":0,"uagb_excerpt":"Mesa con tapa en Puraston y estructura interna en madera maciza de para\u00edso, que combina resistencia y belleza natural. Su base ovalada enchapada en para\u00edso, con lustre wengu\u00e9 semi mate, aporta un acabado sofisticado y elegante, ideal para espacios c\u00e1lidos y modernos. Medidas: Largo:1.80 mts por 0.90cm de ancho con una altura de 0.75cm","jetpack_sharing_enabled":true,"_links":{"self":[{"href":"https:\/\/mandohome.com.ar\/tienda\/wp-json\/wp\/v2\/product\/2307","targetHints":{"allow":["GET"]}}],"collection":[{"href":"https:\/\/mandohome.com.ar\/tienda\/wp-json\/wp\/v2\/product"}],"about":[{"href":"https:\/\/mandohome.com.ar\/tienda\/wp-json\/wp\/v2\/types\/product"}],"wp:featuredmedia":[{"embeddable":true,"href":"https:\/\/mandohome.com.ar\/tienda\/wp-json\/wp\/v2\/media\/2531"}],"wp:attachment":[{"href":"https:\/\/mandohome.com.ar\/tienda\/wp-json\/wp\/v2\/media?parent=2307"}],"wp:term":[{"taxonomy":"product_brand","embeddable":true,"href":"https:\/\/mandohome.com.ar\/tienda\/wp-json\/wp\/v2\/product_brand?post=2307"},{"taxonomy":"product_cat","embeddable":true,"href":"https:\/\/mandohome.com.ar\/tienda\/wp-json\/wp\/v2\/product_cat?post=2307"},{"taxonomy":"product_tag","embeddable":true,"href":"https:\/\/mandohome.com.ar\/tienda\/wp-json\/wp\/v2\/product_tag?post=2307"}],"curies":[{"name":"wp","href":"https:\/\/api.w.org\/{rel}","templated":true}]}}