{"id":2335,"date":"2025-09-02T10:45:26","date_gmt":"2025-09-02T13:45:26","guid":{"rendered":"https:\/\/mandohome.com.ar\/tienda\/?post_type=product&#038;p=2335"},"modified":"2026-04-16T09:58:42","modified_gmt":"2026-04-16T12:58:42","slug":"escultura-picasso","status":"publish","type":"product","link":"https:\/\/mandohome.com.ar\/tienda\/producto\/escultura-picasso\/","title":{"rendered":"Escultura Picasso"},"content":{"rendered":"<p>Escultura decorativa de dise\u00f1o geom\u00e9trico moderno,\u00a0 Su forma triangular con curvas internas le otorga un estilo din\u00e1mico y elegante, ideal para realzar espacios contempor\u00e1neos. Perfecta para exhibir en livings, oficinas o ambientes minimalistas, aportando un toque de sofisticaci\u00f3n y originalidad.Disponible en 3 colores gris mate,rojo,brown. Medidas:0.26cm de altura<\/p>\n","protected":false},"excerpt":{"rendered":"<p>Escultura decorativa de dise\u00f1o geom\u00e9trico moderno,\u00a0 Su forma triangular con curvas internas le otorga un estilo din\u00e1mico y elegante, ideal para realzar espacios contempor\u00e1neos. Perfecta para exhibir en livings, oficinas o ambientes minimalistas, aportando un toque de sofisticaci\u00f3n y originalidad.Disponible en 3 colores gris mate,rojo,brown. Medidas:0.26cm de altura<\/p>\n","protected":false},"featured_media":2809,"template":"","meta":{"_gspb_post_css":"","_uag_custom_page_level_css":"","_themeisle_gutenberg_block_has_review":false},"product_brand":[67],"product_cat":[117,81],"product_tag":[],"class_list":{"0":"post-2335","1":"product","2":"type-product","3":"status-publish","4":"has-post-thumbnail","6":"product_brand-mandohome","7":"product_cat-decoracion","8":"product_cat-esculturas","10":"first","11":"instock","12":"shipping-taxable","13":"purchasable","14":"product-type-variable"},"uagb_featured_image_src":{"full":["https:\/\/mandohome.com.ar\/tienda\/wp-content\/uploads\/2025\/09\/ChatGPT-Image-24-feb-2026-14_06_48.png",1024,1024,false],"thumbnail":["https:\/\/mandohome.com.ar\/tienda\/wp-content\/uploads\/2025\/09\/ChatGPT-Image-24-feb-2026-14_06_48-150x150.png",150,150,true],"medium":["https:\/\/mandohome.com.ar\/tienda\/wp-content\/uploads\/2025\/09\/ChatGPT-Image-24-feb-2026-14_06_48-300x300.png",300,300,true],"medium_large":["https:\/\/mandohome.com.ar\/tienda\/wp-content\/uploads\/2025\/09\/ChatGPT-Image-24-feb-2026-14_06_48-768x768.png",768,768,true],"large":["https:\/\/mandohome.com.ar\/tienda\/wp-content\/uploads\/2025\/09\/ChatGPT-Image-24-feb-2026-14_06_48.png",1024,1024,false],"1536x1536":["https:\/\/mandohome.com.ar\/tienda\/wp-content\/uploads\/2025\/09\/ChatGPT-Image-24-feb-2026-14_06_48.png",1024,1024,false],"2048x2048":["https:\/\/mandohome.com.ar\/tienda\/wp-content\/uploads\/2025\/09\/ChatGPT-Image-24-feb-2026-14_06_48.png",1024,1024,false],"woocommerce_archive_thumbnail":["https:\/\/mandohome.com.ar\/tienda\/wp-content\/uploads\/2025\/09\/ChatGPT-Image-24-feb-2026-14_06_48-300x300.png",300,300,true],"woocommerce_thumbnail":["https:\/\/mandohome.com.ar\/tienda\/wp-content\/uploads\/2025\/09\/ChatGPT-Image-24-feb-2026-14_06_48-300x300.png",300,300,true],"woocommerce_single":["https:\/\/mandohome.com.ar\/tienda\/wp-content\/uploads\/2025\/09\/ChatGPT-Image-24-feb-2026-14_06_48-600x600.png",600,600,true],"woocommerce_gallery_thumbnail":["https:\/\/mandohome.com.ar\/tienda\/wp-content\/uploads\/2025\/09\/ChatGPT-Image-24-feb-2026-14_06_48-100x100.png",100,100,true]},"uagb_author_info":{"display_name":"CortexDigital","author_link":"https:\/\/mandohome.com.ar\/tienda\/author\/"},"uagb_comment_info":0,"uagb_excerpt":"Escultura decorativa de dise\u00f1o geom\u00e9trico moderno,\u00a0 Su forma triangular con curvas internas le otorga un estilo din\u00e1mico y elegante, ideal para realzar espacios contempor\u00e1neos. Perfecta para exhibir en livings, oficinas o ambientes minimalistas, aportando un toque de sofisticaci\u00f3n y originalidad.Disponible en 3 colores gris mate,rojo,brown. Medidas:0.26cm de altura","jetpack_sharing_enabled":true,"_links":{"self":[{"href":"https:\/\/mandohome.com.ar\/tienda\/wp-json\/wp\/v2\/product\/2335","targetHints":{"allow":["GET"]}}],"collection":[{"href":"https:\/\/mandohome.com.ar\/tienda\/wp-json\/wp\/v2\/product"}],"about":[{"href":"https:\/\/mandohome.com.ar\/tienda\/wp-json\/wp\/v2\/types\/product"}],"wp:featuredmedia":[{"embeddable":true,"href":"https:\/\/mandohome.com.ar\/tienda\/wp-json\/wp\/v2\/media\/2809"}],"wp:attachment":[{"href":"https:\/\/mandohome.com.ar\/tienda\/wp-json\/wp\/v2\/media?parent=2335"}],"wp:term":[{"taxonomy":"product_brand","embeddable":true,"href":"https:\/\/mandohome.com.ar\/tienda\/wp-json\/wp\/v2\/product_brand?post=2335"},{"taxonomy":"product_cat","embeddable":true,"href":"https:\/\/mandohome.com.ar\/tienda\/wp-json\/wp\/v2\/product_cat?post=2335"},{"taxonomy":"product_tag","embeddable":true,"href":"https:\/\/mandohome.com.ar\/tienda\/wp-json\/wp\/v2\/product_tag?post=2335"}],"curies":[{"name":"wp","href":"https:\/\/api.w.org\/{rel}","templated":true}]}}