{"id":2337,"date":"2025-09-02T10:45:26","date_gmt":"2025-09-02T13:45:26","guid":{"rendered":"https:\/\/mandohome.com.ar\/tienda\/?post_type=product&#038;p=2337"},"modified":"2026-04-14T11:46:31","modified_gmt":"2026-04-14T14:46:31","slug":"adorno-animal","status":"publish","type":"product","link":"https:\/\/mandohome.com.ar\/tienda\/producto\/adorno-animal\/","title":{"rendered":"Adorno Animal"},"content":{"rendered":"<p>Figura decorativa de perro en estilo geom\u00e9trico, con acabado negro mate. Su dise\u00f1o moderno y minimalista aporta car\u00e1cter y personalidad a cualquier espacio, convirti\u00e9ndose en un detalle vers\u00e1til para livings, escritorios u oficinas. Ideal para quienes buscan un toque contempor\u00e1neo y original en su decoraci\u00f3n.Altura:0.14cm x 0.10 cm<\/p>\n","protected":false},"excerpt":{"rendered":"<p>Figura decorativa de perro en estilo geom\u00e9trico, con acabado negro mate. Su dise\u00f1o moderno y minimalista aporta car\u00e1cter y personalidad a cualquier espacio, convirti\u00e9ndose en un detalle vers\u00e1til para livings, escritorios u oficinas. Ideal para quienes buscan un toque contempor\u00e1neo y original en su decoraci\u00f3n.Altura:0.14cm x 0.10 cm<\/p>\n","protected":false},"featured_media":2807,"template":"","meta":{"_gspb_post_css":"","_uag_custom_page_level_css":"","_themeisle_gutenberg_block_has_review":false},"product_brand":[],"product_cat":[117,15],"product_tag":[],"class_list":{"0":"post-2337","1":"product","2":"type-product","3":"status-publish","4":"has-post-thumbnail","6":"product_cat-decoracion","7":"product_cat-otros","9":"first","10":"instock","11":"shipping-taxable","12":"product-type-external"},"uagb_featured_image_src":{"full":["https:\/\/mandohome.com.ar\/tienda\/wp-content\/uploads\/2025\/09\/ChatGPT-Image-24-feb-2026-14_02_15.png",1024,1536,false],"thumbnail":["https:\/\/mandohome.com.ar\/tienda\/wp-content\/uploads\/2025\/09\/ChatGPT-Image-24-feb-2026-14_02_15-150x150.png",150,150,true],"medium":["https:\/\/mandohome.com.ar\/tienda\/wp-content\/uploads\/2025\/09\/ChatGPT-Image-24-feb-2026-14_02_15-200x300.png",200,300,true],"medium_large":["https:\/\/mandohome.com.ar\/tienda\/wp-content\/uploads\/2025\/09\/ChatGPT-Image-24-feb-2026-14_02_15-768x1152.png",768,1152,true],"large":["https:\/\/mandohome.com.ar\/tienda\/wp-content\/uploads\/2025\/09\/ChatGPT-Image-24-feb-2026-14_02_15-683x1024.png",683,1024,true],"1536x1536":["https:\/\/mandohome.com.ar\/tienda\/wp-content\/uploads\/2025\/09\/ChatGPT-Image-24-feb-2026-14_02_15.png",1024,1536,false],"2048x2048":["https:\/\/mandohome.com.ar\/tienda\/wp-content\/uploads\/2025\/09\/ChatGPT-Image-24-feb-2026-14_02_15.png",1024,1536,false],"woocommerce_archive_thumbnail":["https:\/\/mandohome.com.ar\/tienda\/wp-content\/uploads\/2025\/09\/ChatGPT-Image-24-feb-2026-14_02_15-300x450.png",300,450,true],"woocommerce_thumbnail":["https:\/\/mandohome.com.ar\/tienda\/wp-content\/uploads\/2025\/09\/ChatGPT-Image-24-feb-2026-14_02_15-300x300.png",300,300,true],"woocommerce_single":["https:\/\/mandohome.com.ar\/tienda\/wp-content\/uploads\/2025\/09\/ChatGPT-Image-24-feb-2026-14_02_15-600x900.png",600,900,true],"woocommerce_gallery_thumbnail":["https:\/\/mandohome.com.ar\/tienda\/wp-content\/uploads\/2025\/09\/ChatGPT-Image-24-feb-2026-14_02_15-100x100.png",100,100,true]},"uagb_author_info":{"display_name":"CortexDigital","author_link":"https:\/\/mandohome.com.ar\/tienda\/author\/"},"uagb_comment_info":0,"uagb_excerpt":"Figura decorativa de perro en estilo geom\u00e9trico, con acabado negro mate. Su dise\u00f1o moderno y minimalista aporta car\u00e1cter y personalidad a cualquier espacio, convirti\u00e9ndose en un detalle vers\u00e1til para livings, escritorios u oficinas. Ideal para quienes buscan un toque contempor\u00e1neo y original en su decoraci\u00f3n.Altura:0.14cm x 0.10 cm","jetpack_sharing_enabled":true,"_links":{"self":[{"href":"https:\/\/mandohome.com.ar\/tienda\/wp-json\/wp\/v2\/product\/2337","targetHints":{"allow":["GET"]}}],"collection":[{"href":"https:\/\/mandohome.com.ar\/tienda\/wp-json\/wp\/v2\/product"}],"about":[{"href":"https:\/\/mandohome.com.ar\/tienda\/wp-json\/wp\/v2\/types\/product"}],"wp:featuredmedia":[{"embeddable":true,"href":"https:\/\/mandohome.com.ar\/tienda\/wp-json\/wp\/v2\/media\/2807"}],"wp:attachment":[{"href":"https:\/\/mandohome.com.ar\/tienda\/wp-json\/wp\/v2\/media?parent=2337"}],"wp:term":[{"taxonomy":"product_brand","embeddable":true,"href":"https:\/\/mandohome.com.ar\/tienda\/wp-json\/wp\/v2\/product_brand?post=2337"},{"taxonomy":"product_cat","embeddable":true,"href":"https:\/\/mandohome.com.ar\/tienda\/wp-json\/wp\/v2\/product_cat?post=2337"},{"taxonomy":"product_tag","embeddable":true,"href":"https:\/\/mandohome.com.ar\/tienda\/wp-json\/wp\/v2\/product_tag?post=2337"}],"curies":[{"name":"wp","href":"https:\/\/api.w.org\/{rel}","templated":true}]}}