{"id":2338,"date":"2025-09-02T10:45:26","date_gmt":"2025-09-02T13:45:26","guid":{"rendered":"https:\/\/mandohome.com.ar\/tienda\/?post_type=product&#038;p=2338"},"modified":"2026-04-15T10:57:37","modified_gmt":"2026-04-15T13:57:37","slug":"escultura-raiz","status":"publish","type":"product","link":"https:\/\/mandohome.com.ar\/tienda\/producto\/escultura-raiz\/","title":{"rendered":"Escultura RA\u00cdZ"},"content":{"rendered":"<div class=\"WaaZC\">\n<div class=\"RJPOee EIJn2\">\n<div class=\"rPeykc\" data-hveid=\"CAkQAQ\" data-ved=\"2ahUKEwid2u_vtpyPAxVuJLkGHT-SB2IQo_EKegQICRAB\">\n<p><span data-huuid=\"17925921862598702546\">Esta impresionante escultura presenta una pieza de madera natural, con una forma abstracta y org\u00e1nica que evoca la belleza de la naturaleza. <\/span><span data-huuid=\"17925921862598702077\">La madera exhibe texturas y cavidades intrincadas, resultado del proceso natural de erosi\u00f3n o crecimiento, lo que le confiere un car\u00e1cter \u00fanico y art\u00edstico.<span class=\"pjBG2e\" data-cid=\"3296d146-d16e-4e6d-bce6-d9beb0b60b03\"><span class=\"UV3uM\">\u00a0<\/span><\/span><\/span><\/p>\n<div class=\"NPrrbc\" data-cid=\"3296d146-d16e-4e6d-bce6-d9beb0b60b03\" data-uuids=\"17925921862598702546,17925921862598702077\">\n<div class=\"BMebGe btku5b fCrZyc LwdV0e FR7ZSc qVhvac OJeuxf\" tabindex=\"0\" role=\"button\" aria-label=\"Ver v\u00ednculos relacionados\" data-hveid=\"CAoQAQ\" data-ved=\"2ahUKEwid2u_vtpyPAxVuJLkGHT-SB2IQ3fYKegQIChAB\">\n<div class=\"niO4u\">\n<div class=\"kHtcsd\"><\/div>\n<\/div>\n<\/div>\n<\/div>\n<\/div>\n<\/div>\n<\/div>\n<div class=\"WaaZC\">\n<div class=\"RJPOee EIJn2\">\n<div class=\"rPeykc\" data-hveid=\"CAgQAQ\" data-ved=\"2ahUKEwid2u_vtpyPAxVuJLkGHT-SB2IQo_EKegQICBAB\"><span data-huuid=\"17925921862598701139\">La escultura se asienta sobre una base de cristal transparente, la cual complementa la pieza de madera sin restarle protagonismo, creando un contraste elegante entre la robustez de la madera y la delicadeza del cristal.\u00a0<\/span><span data-huuid=\"17925921862598704766\">Esta combinaci\u00f3n la convierte en un elemento decorativo distintivo, ideal para a\u00f1adir un toque de arte y naturaleza a cualquier espacio.<span class=\"pjBG2e\" data-cid=\"2c7c6f06-c4c8-45dc-b89e-572a515ff689\"><span class=\"UV3uM\">\u00a0<\/span><\/span><\/span><\/div>\n<\/div>\n<\/div>\n","protected":false},"excerpt":{"rendered":"<p>Esta impresionante escultura presenta una pieza de madera natural, con una forma abstracta y org\u00e1nica que evoca la belleza de la naturaleza. La madera exhibe texturas y cavidades intrincadas, resultado del proceso natural de erosi\u00f3n o crecimiento, lo que le confiere un car\u00e1cter \u00fanico y art\u00edstico.\u00a0 La escultura se asienta sobre una base de cristal [&hellip;]<\/p>\n","protected":false},"featured_media":2805,"template":"","meta":{"_gspb_post_css":"","_uag_custom_page_level_css":"","_themeisle_gutenberg_block_has_review":false},"product_brand":[67],"product_cat":[117,81],"product_tag":[],"class_list":{"0":"post-2338","1":"product","2":"type-product","3":"status-publish","4":"has-post-thumbnail","6":"product_brand-mandohome","7":"product_cat-decoracion","8":"product_cat-esculturas","10":"first","11":"instock","12":"shipping-taxable","13":"product-type-external"},"uagb_featured_image_src":{"full":["https:\/\/mandohome.com.ar\/tienda\/wp-content\/uploads\/2025\/09\/ChatGPT-Image-24-feb-2026-13_57_14.png",1024,1536,false],"thumbnail":["https:\/\/mandohome.com.ar\/tienda\/wp-content\/uploads\/2025\/09\/ChatGPT-Image-24-feb-2026-13_57_14-150x150.png",150,150,true],"medium":["https:\/\/mandohome.com.ar\/tienda\/wp-content\/uploads\/2025\/09\/ChatGPT-Image-24-feb-2026-13_57_14-200x300.png",200,300,true],"medium_large":["https:\/\/mandohome.com.ar\/tienda\/wp-content\/uploads\/2025\/09\/ChatGPT-Image-24-feb-2026-13_57_14-768x1152.png",768,1152,true],"large":["https:\/\/mandohome.com.ar\/tienda\/wp-content\/uploads\/2025\/09\/ChatGPT-Image-24-feb-2026-13_57_14-683x1024.png",683,1024,true],"1536x1536":["https:\/\/mandohome.com.ar\/tienda\/wp-content\/uploads\/2025\/09\/ChatGPT-Image-24-feb-2026-13_57_14.png",1024,1536,false],"2048x2048":["https:\/\/mandohome.com.ar\/tienda\/wp-content\/uploads\/2025\/09\/ChatGPT-Image-24-feb-2026-13_57_14.png",1024,1536,false],"woocommerce_archive_thumbnail":["https:\/\/mandohome.com.ar\/tienda\/wp-content\/uploads\/2025\/09\/ChatGPT-Image-24-feb-2026-13_57_14-300x450.png",300,450,true],"woocommerce_thumbnail":["https:\/\/mandohome.com.ar\/tienda\/wp-content\/uploads\/2025\/09\/ChatGPT-Image-24-feb-2026-13_57_14-300x300.png",300,300,true],"woocommerce_single":["https:\/\/mandohome.com.ar\/tienda\/wp-content\/uploads\/2025\/09\/ChatGPT-Image-24-feb-2026-13_57_14-600x900.png",600,900,true],"woocommerce_gallery_thumbnail":["https:\/\/mandohome.com.ar\/tienda\/wp-content\/uploads\/2025\/09\/ChatGPT-Image-24-feb-2026-13_57_14-100x100.png",100,100,true]},"uagb_author_info":{"display_name":"CortexDigital","author_link":"https:\/\/mandohome.com.ar\/tienda\/author\/"},"uagb_comment_info":0,"uagb_excerpt":"Esta impresionante escultura presenta una pieza de madera natural, con una forma abstracta y org\u00e1nica que evoca la belleza de la naturaleza. La madera exhibe texturas y cavidades intrincadas, resultado del proceso natural de erosi\u00f3n o crecimiento, lo que le confiere un car\u00e1cter \u00fanico y art\u00edstico.\u00a0 La escultura se asienta sobre una base de cristal&hellip;","jetpack_sharing_enabled":true,"_links":{"self":[{"href":"https:\/\/mandohome.com.ar\/tienda\/wp-json\/wp\/v2\/product\/2338","targetHints":{"allow":["GET"]}}],"collection":[{"href":"https:\/\/mandohome.com.ar\/tienda\/wp-json\/wp\/v2\/product"}],"about":[{"href":"https:\/\/mandohome.com.ar\/tienda\/wp-json\/wp\/v2\/types\/product"}],"wp:featuredmedia":[{"embeddable":true,"href":"https:\/\/mandohome.com.ar\/tienda\/wp-json\/wp\/v2\/media\/2805"}],"wp:attachment":[{"href":"https:\/\/mandohome.com.ar\/tienda\/wp-json\/wp\/v2\/media?parent=2338"}],"wp:term":[{"taxonomy":"product_brand","embeddable":true,"href":"https:\/\/mandohome.com.ar\/tienda\/wp-json\/wp\/v2\/product_brand?post=2338"},{"taxonomy":"product_cat","embeddable":true,"href":"https:\/\/mandohome.com.ar\/tienda\/wp-json\/wp\/v2\/product_cat?post=2338"},{"taxonomy":"product_tag","embeddable":true,"href":"https:\/\/mandohome.com.ar\/tienda\/wp-json\/wp\/v2\/product_tag?post=2338"}],"curies":[{"name":"wp","href":"https:\/\/api.w.org\/{rel}","templated":true}]}}