{"id":2345,"date":"2025-09-02T10:45:27","date_gmt":"2025-09-02T13:45:27","guid":{"rendered":"https:\/\/mandohome.com.ar\/tienda\/?post_type=product&#038;p=2345"},"modified":"2026-04-14T11:43:17","modified_gmt":"2026-04-14T14:43:17","slug":"set-deco-starck","status":"publish","type":"product","link":"https:\/\/mandohome.com.ar\/tienda\/producto\/set-deco-starck\/","title":{"rendered":"Set deco STARCK"},"content":{"rendered":"<p>Embellec\u00e9 tu hogar con esta elegante trio de macetas\u00a0 de cer\u00e1mica\u00a0 en un sofisticado color Blanco Efecto M\u00e1rmol. Con unas medidas de 0.10cm por 0.10 de diametro,0.08 cm por 0.15 cm de diametro y 0.13cm por 0.14 de diametro. es ideal para plantas peque\u00f1as o flores, a\u00f1adiendo un toque de distinci\u00f3n a cualquier espacio.<\/p>\n","protected":false},"excerpt":{"rendered":"<p>Embellec\u00e9 tu hogar con esta elegante trio de macetas\u00a0 de cer\u00e1mica\u00a0 en un sofisticado color Blanco Efecto M\u00e1rmol. Con unas medidas de 0.10cm por 0.10 de diametro,0.08 cm por 0.15 cm de diametro y 0.13cm por 0.14 de diametro. es ideal para plantas peque\u00f1as o flores, a\u00f1adiendo un toque de distinci\u00f3n a cualquier espacio.<\/p>\n","protected":false},"featured_media":2800,"template":"","meta":{"_gspb_post_css":"","_uag_custom_page_level_css":"","_themeisle_gutenberg_block_has_review":false},"product_brand":[],"product_cat":[117,15],"product_tag":[],"class_list":{"0":"post-2345","1":"product","2":"type-product","3":"status-publish","4":"has-post-thumbnail","6":"product_cat-decoracion","7":"product_cat-otros","9":"first","10":"instock","11":"shipping-taxable","12":"product-type-external"},"uagb_featured_image_src":{"full":["https:\/\/mandohome.com.ar\/tienda\/wp-content\/uploads\/2025\/09\/ChatGPT-Image-24-feb-2026-13_14_17.png",1536,1024,false],"thumbnail":["https:\/\/mandohome.com.ar\/tienda\/wp-content\/uploads\/2025\/09\/ChatGPT-Image-24-feb-2026-13_14_17-150x150.png",150,150,true],"medium":["https:\/\/mandohome.com.ar\/tienda\/wp-content\/uploads\/2025\/09\/ChatGPT-Image-24-feb-2026-13_14_17-300x200.png",300,200,true],"medium_large":["https:\/\/mandohome.com.ar\/tienda\/wp-content\/uploads\/2025\/09\/ChatGPT-Image-24-feb-2026-13_14_17-768x512.png",768,512,true],"large":["https:\/\/mandohome.com.ar\/tienda\/wp-content\/uploads\/2025\/09\/ChatGPT-Image-24-feb-2026-13_14_17-1024x683.png",1024,683,true],"1536x1536":["https:\/\/mandohome.com.ar\/tienda\/wp-content\/uploads\/2025\/09\/ChatGPT-Image-24-feb-2026-13_14_17.png",1536,1024,false],"2048x2048":["https:\/\/mandohome.com.ar\/tienda\/wp-content\/uploads\/2025\/09\/ChatGPT-Image-24-feb-2026-13_14_17.png",1536,1024,false],"woocommerce_archive_thumbnail":["https:\/\/mandohome.com.ar\/tienda\/wp-content\/uploads\/2025\/09\/ChatGPT-Image-24-feb-2026-13_14_17-300x200.png",300,200,true],"woocommerce_thumbnail":["https:\/\/mandohome.com.ar\/tienda\/wp-content\/uploads\/2025\/09\/ChatGPT-Image-24-feb-2026-13_14_17-300x300.png",300,300,true],"woocommerce_single":["https:\/\/mandohome.com.ar\/tienda\/wp-content\/uploads\/2025\/09\/ChatGPT-Image-24-feb-2026-13_14_17-600x400.png",600,400,true],"woocommerce_gallery_thumbnail":["https:\/\/mandohome.com.ar\/tienda\/wp-content\/uploads\/2025\/09\/ChatGPT-Image-24-feb-2026-13_14_17-100x100.png",100,100,true]},"uagb_author_info":{"display_name":"CortexDigital","author_link":"https:\/\/mandohome.com.ar\/tienda\/author\/"},"uagb_comment_info":0,"uagb_excerpt":"Embellec\u00e9 tu hogar con esta elegante trio de macetas\u00a0 de cer\u00e1mica\u00a0 en un sofisticado color Blanco Efecto M\u00e1rmol. Con unas medidas de 0.10cm por 0.10 de diametro,0.08 cm por 0.15 cm de diametro y 0.13cm por 0.14 de diametro. es ideal para plantas peque\u00f1as o flores, a\u00f1adiendo un toque de distinci\u00f3n a cualquier espacio.","jetpack_sharing_enabled":true,"_links":{"self":[{"href":"https:\/\/mandohome.com.ar\/tienda\/wp-json\/wp\/v2\/product\/2345","targetHints":{"allow":["GET"]}}],"collection":[{"href":"https:\/\/mandohome.com.ar\/tienda\/wp-json\/wp\/v2\/product"}],"about":[{"href":"https:\/\/mandohome.com.ar\/tienda\/wp-json\/wp\/v2\/types\/product"}],"wp:featuredmedia":[{"embeddable":true,"href":"https:\/\/mandohome.com.ar\/tienda\/wp-json\/wp\/v2\/media\/2800"}],"wp:attachment":[{"href":"https:\/\/mandohome.com.ar\/tienda\/wp-json\/wp\/v2\/media?parent=2345"}],"wp:term":[{"taxonomy":"product_brand","embeddable":true,"href":"https:\/\/mandohome.com.ar\/tienda\/wp-json\/wp\/v2\/product_brand?post=2345"},{"taxonomy":"product_cat","embeddable":true,"href":"https:\/\/mandohome.com.ar\/tienda\/wp-json\/wp\/v2\/product_cat?post=2345"},{"taxonomy":"product_tag","embeddable":true,"href":"https:\/\/mandohome.com.ar\/tienda\/wp-json\/wp\/v2\/product_tag?post=2345"}],"curies":[{"name":"wp","href":"https:\/\/api.w.org\/{rel}","templated":true}]}}