{"id":2352,"date":"2025-09-02T10:45:28","date_gmt":"2025-09-02T13:45:28","guid":{"rendered":"https:\/\/mandohome.com.ar\/tienda\/?post_type=product&#038;p=2352"},"modified":"2026-04-15T09:46:03","modified_gmt":"2026-04-15T12:46:03","slug":"silla-norten-2","status":"publish","type":"product","link":"https:\/\/mandohome.com.ar\/tienda\/producto\/silla-norten-2\/","title":{"rendered":"Silla NORTEN"},"content":{"rendered":"<p data-start=\"78\" data-end=\"438\"><strong>Silla elegante tapizada en cuero marr\u00f3n con respaldo capiton\u00e9 y detalles de tachuelas met\u00e1licas.<\/strong><br data-start=\"178\" data-end=\"181\" \/><strong>Su estructura de madera maciza paraiso garantiza estabilidad y durabilidad, mientras que el dise\u00f1o cl\u00e1sico y sofisticado aporta un toque de distinci\u00f3n a cualquier ambiente.<\/strong><br data-start=\"345\" data-end=\"348\" \/><strong>Perfecta para comedores, oficinas o espacios que buscan un estilo atemporal y confortable. Medidas: 0.95 cm de alto por 0.45cm de ancho y una profundidad de 0.55 cm<\/strong><\/p>\n<p>&nbsp;<\/p>\n<p>&nbsp;<\/p>\n<p>&nbsp;<\/p>\n<p>&nbsp;<\/p>\n<p>&nbsp;<\/p>\n","protected":false},"excerpt":{"rendered":"<p>Silla elegante tapizada en cuero marr\u00f3n con respaldo capiton\u00e9 y detalles de tachuelas met\u00e1licas.Su estructura de madera maciza paraiso garantiza estabilidad y durabilidad, mientras que el dise\u00f1o cl\u00e1sico y sofisticado aporta un toque de distinci\u00f3n a cualquier ambiente.Perfecta para comedores, oficinas o espacios que buscan un estilo atemporal y confortable. Medidas: 0.95 cm de alto [&hellip;]<\/p>\n","protected":false},"featured_media":2787,"template":"","meta":{"_gspb_post_css":"","_uag_custom_page_level_css":"","_themeisle_gutenberg_block_has_review":false},"product_brand":[67],"product_cat":[107,122],"product_tag":[],"class_list":{"0":"post-2352","1":"product","2":"type-product","3":"status-publish","4":"has-post-thumbnail","6":"product_brand-mandohome","7":"product_cat-muebles","8":"product_cat-sillas","10":"first","11":"instock","12":"shipping-taxable","13":"product-type-external"},"uagb_featured_image_src":{"full":["https:\/\/mandohome.com.ar\/tienda\/wp-content\/uploads\/2025\/09\/ChatGPT-Image-23-feb-2026-16_08_08.png",1024,1024,false],"thumbnail":["https:\/\/mandohome.com.ar\/tienda\/wp-content\/uploads\/2025\/09\/ChatGPT-Image-23-feb-2026-16_08_08-150x150.png",150,150,true],"medium":["https:\/\/mandohome.com.ar\/tienda\/wp-content\/uploads\/2025\/09\/ChatGPT-Image-23-feb-2026-16_08_08-300x300.png",300,300,true],"medium_large":["https:\/\/mandohome.com.ar\/tienda\/wp-content\/uploads\/2025\/09\/ChatGPT-Image-23-feb-2026-16_08_08-768x768.png",768,768,true],"large":["https:\/\/mandohome.com.ar\/tienda\/wp-content\/uploads\/2025\/09\/ChatGPT-Image-23-feb-2026-16_08_08.png",1024,1024,false],"1536x1536":["https:\/\/mandohome.com.ar\/tienda\/wp-content\/uploads\/2025\/09\/ChatGPT-Image-23-feb-2026-16_08_08.png",1024,1024,false],"2048x2048":["https:\/\/mandohome.com.ar\/tienda\/wp-content\/uploads\/2025\/09\/ChatGPT-Image-23-feb-2026-16_08_08.png",1024,1024,false],"woocommerce_archive_thumbnail":["https:\/\/mandohome.com.ar\/tienda\/wp-content\/uploads\/2025\/09\/ChatGPT-Image-23-feb-2026-16_08_08-300x300.png",300,300,true],"woocommerce_thumbnail":["https:\/\/mandohome.com.ar\/tienda\/wp-content\/uploads\/2025\/09\/ChatGPT-Image-23-feb-2026-16_08_08-300x300.png",300,300,true],"woocommerce_single":["https:\/\/mandohome.com.ar\/tienda\/wp-content\/uploads\/2025\/09\/ChatGPT-Image-23-feb-2026-16_08_08-600x600.png",600,600,true],"woocommerce_gallery_thumbnail":["https:\/\/mandohome.com.ar\/tienda\/wp-content\/uploads\/2025\/09\/ChatGPT-Image-23-feb-2026-16_08_08-100x100.png",100,100,true]},"uagb_author_info":{"display_name":"CortexDigital","author_link":"https:\/\/mandohome.com.ar\/tienda\/author\/"},"uagb_comment_info":0,"uagb_excerpt":"Silla elegante tapizada en cuero marr\u00f3n con respaldo capiton\u00e9 y detalles de tachuelas met\u00e1licas.Su estructura de madera maciza paraiso garantiza estabilidad y durabilidad, mientras que el dise\u00f1o cl\u00e1sico y sofisticado aporta un toque de distinci\u00f3n a cualquier ambiente.Perfecta para comedores, oficinas o espacios que buscan un estilo atemporal y confortable. Medidas: 0.95 cm de alto&hellip;","jetpack_sharing_enabled":true,"_links":{"self":[{"href":"https:\/\/mandohome.com.ar\/tienda\/wp-json\/wp\/v2\/product\/2352","targetHints":{"allow":["GET"]}}],"collection":[{"href":"https:\/\/mandohome.com.ar\/tienda\/wp-json\/wp\/v2\/product"}],"about":[{"href":"https:\/\/mandohome.com.ar\/tienda\/wp-json\/wp\/v2\/types\/product"}],"wp:featuredmedia":[{"embeddable":true,"href":"https:\/\/mandohome.com.ar\/tienda\/wp-json\/wp\/v2\/media\/2787"}],"wp:attachment":[{"href":"https:\/\/mandohome.com.ar\/tienda\/wp-json\/wp\/v2\/media?parent=2352"}],"wp:term":[{"taxonomy":"product_brand","embeddable":true,"href":"https:\/\/mandohome.com.ar\/tienda\/wp-json\/wp\/v2\/product_brand?post=2352"},{"taxonomy":"product_cat","embeddable":true,"href":"https:\/\/mandohome.com.ar\/tienda\/wp-json\/wp\/v2\/product_cat?post=2352"},{"taxonomy":"product_tag","embeddable":true,"href":"https:\/\/mandohome.com.ar\/tienda\/wp-json\/wp\/v2\/product_tag?post=2352"}],"curies":[{"name":"wp","href":"https:\/\/api.w.org\/{rel}","templated":true}]}}