{"id":2355,"date":"2025-09-02T10:45:28","date_gmt":"2025-09-02T13:45:28","guid":{"rendered":"https:\/\/mandohome.com.ar\/tienda\/?post_type=product&#038;p=2355"},"modified":"2026-04-15T09:47:04","modified_gmt":"2026-04-15T12:47:04","slug":"silla-iris-2","status":"publish","type":"product","link":"https:\/\/mandohome.com.ar\/tienda\/producto\/silla-iris-2\/","title":{"rendered":"Silla IRIS"},"content":{"rendered":"<p data-start=\"112\" data-end=\"417\"><strong data-start=\"112\" data-end=\"167\">Silla con Terminaci\u00f3n en Poro Abierto \u2013 Color Negro<\/strong><br data-start=\"167\" data-end=\"170\" \/><strong>Esta elegante silla presenta una terminaci\u00f3n con poro abierto que resalta la textura natural de la madera en un sofisticado color negro. Su tapizado en cuadrill\u00e9 blanco y negro aporta un dise\u00f1o moderno y vers\u00e1til, ideal para distintos ambientes.<\/strong><\/p>\n<p data-start=\"419\" data-end=\"598\"><strong data-start=\"419\" data-end=\"451\">Personalizaci\u00f3n a tu medida:<\/strong><br data-start=\"451\" data-end=\"454\" \/><strong>El producto puede modificarse en color y tapizado seg\u00fan tu preferencia, para que puedas adaptar la silla perfectamente a tu estilo y decoraci\u00f3n.<\/strong><\/p>\n","protected":false},"excerpt":{"rendered":"<p>Silla con Terminaci\u00f3n en Poro Abierto \u2013 Color NegroEsta elegante silla presenta una terminaci\u00f3n con poro abierto que resalta la textura natural de la madera en un sofisticado color negro. Su tapizado en cuadrill\u00e9 blanco y negro aporta un dise\u00f1o moderno y vers\u00e1til, ideal para distintos ambientes. Personalizaci\u00f3n a tu medida:El producto puede modificarse en [&hellip;]<\/p>\n","protected":false},"featured_media":2781,"template":"","meta":{"_gspb_post_css":"","_uag_custom_page_level_css":"","_themeisle_gutenberg_block_has_review":false},"product_brand":[67],"product_cat":[107,122],"product_tag":[],"class_list":{"0":"post-2355","1":"product","2":"type-product","3":"status-publish","4":"has-post-thumbnail","6":"product_brand-mandohome","7":"product_cat-muebles","8":"product_cat-sillas","10":"first","11":"instock","12":"shipping-taxable","13":"product-type-external"},"uagb_featured_image_src":{"full":["https:\/\/mandohome.com.ar\/tienda\/wp-content\/uploads\/2025\/09\/ChatGPT-Image-23-feb-2026-15_45_28.png",1024,1536,false],"thumbnail":["https:\/\/mandohome.com.ar\/tienda\/wp-content\/uploads\/2025\/09\/ChatGPT-Image-23-feb-2026-15_45_28-150x150.png",150,150,true],"medium":["https:\/\/mandohome.com.ar\/tienda\/wp-content\/uploads\/2025\/09\/ChatGPT-Image-23-feb-2026-15_45_28-200x300.png",200,300,true],"medium_large":["https:\/\/mandohome.com.ar\/tienda\/wp-content\/uploads\/2025\/09\/ChatGPT-Image-23-feb-2026-15_45_28-768x1152.png",768,1152,true],"large":["https:\/\/mandohome.com.ar\/tienda\/wp-content\/uploads\/2025\/09\/ChatGPT-Image-23-feb-2026-15_45_28-683x1024.png",683,1024,true],"1536x1536":["https:\/\/mandohome.com.ar\/tienda\/wp-content\/uploads\/2025\/09\/ChatGPT-Image-23-feb-2026-15_45_28.png",1024,1536,false],"2048x2048":["https:\/\/mandohome.com.ar\/tienda\/wp-content\/uploads\/2025\/09\/ChatGPT-Image-23-feb-2026-15_45_28.png",1024,1536,false],"woocommerce_archive_thumbnail":["https:\/\/mandohome.com.ar\/tienda\/wp-content\/uploads\/2025\/09\/ChatGPT-Image-23-feb-2026-15_45_28-300x450.png",300,450,true],"woocommerce_thumbnail":["https:\/\/mandohome.com.ar\/tienda\/wp-content\/uploads\/2025\/09\/ChatGPT-Image-23-feb-2026-15_45_28-300x300.png",300,300,true],"woocommerce_single":["https:\/\/mandohome.com.ar\/tienda\/wp-content\/uploads\/2025\/09\/ChatGPT-Image-23-feb-2026-15_45_28-600x900.png",600,900,true],"woocommerce_gallery_thumbnail":["https:\/\/mandohome.com.ar\/tienda\/wp-content\/uploads\/2025\/09\/ChatGPT-Image-23-feb-2026-15_45_28-100x100.png",100,100,true]},"uagb_author_info":{"display_name":"CortexDigital","author_link":"https:\/\/mandohome.com.ar\/tienda\/author\/"},"uagb_comment_info":0,"uagb_excerpt":"Silla con Terminaci\u00f3n en Poro Abierto \u2013 Color NegroEsta elegante silla presenta una terminaci\u00f3n con poro abierto que resalta la textura natural de la madera en un sofisticado color negro. Su tapizado en cuadrill\u00e9 blanco y negro aporta un dise\u00f1o moderno y vers\u00e1til, ideal para distintos ambientes. Personalizaci\u00f3n a tu medida:El producto puede modificarse en&hellip;","jetpack_sharing_enabled":true,"_links":{"self":[{"href":"https:\/\/mandohome.com.ar\/tienda\/wp-json\/wp\/v2\/product\/2355","targetHints":{"allow":["GET"]}}],"collection":[{"href":"https:\/\/mandohome.com.ar\/tienda\/wp-json\/wp\/v2\/product"}],"about":[{"href":"https:\/\/mandohome.com.ar\/tienda\/wp-json\/wp\/v2\/types\/product"}],"wp:featuredmedia":[{"embeddable":true,"href":"https:\/\/mandohome.com.ar\/tienda\/wp-json\/wp\/v2\/media\/2781"}],"wp:attachment":[{"href":"https:\/\/mandohome.com.ar\/tienda\/wp-json\/wp\/v2\/media?parent=2355"}],"wp:term":[{"taxonomy":"product_brand","embeddable":true,"href":"https:\/\/mandohome.com.ar\/tienda\/wp-json\/wp\/v2\/product_brand?post=2355"},{"taxonomy":"product_cat","embeddable":true,"href":"https:\/\/mandohome.com.ar\/tienda\/wp-json\/wp\/v2\/product_cat?post=2355"},{"taxonomy":"product_tag","embeddable":true,"href":"https:\/\/mandohome.com.ar\/tienda\/wp-json\/wp\/v2\/product_tag?post=2355"}],"curies":[{"name":"wp","href":"https:\/\/api.w.org\/{rel}","templated":true}]}}