{"id":2357,"date":"2025-09-02T10:45:28","date_gmt":"2025-09-02T13:45:28","guid":{"rendered":"https:\/\/mandohome.com.ar\/tienda\/?post_type=product&#038;p=2357"},"modified":"2026-04-10T13:30:57","modified_gmt":"2026-04-10T16:30:57","slug":"cuna-dreanland-2","status":"publish","type":"product","link":"https:\/\/mandohome.com.ar\/tienda\/producto\/cuna-dreanland-2\/","title":{"rendered":"Cuna DREANLAND"},"content":{"rendered":"<p><strong data-start=\"89\" data-end=\"131\">Cuna con Barandas Deslizables y Ruedas<\/strong><br data-start=\"131\" data-end=\"134\" \/><strong>Cuna fabricada en MDF de 18 mm laqueado en blanco semi mate con laca poliuret\u00e1nica, que ofrece un acabado duradero y elegante. Cuenta con barandas deslizables para facilitar el acceso y garantizar la seguridad del beb\u00e9, adem\u00e1s de 4 ruedas en la base para una movilidad pr\u00e1ctica y sencilla.<\/strong><\/p>\n<p><strong>MEDIDAS: <\/strong><strong>Ancho 1.35 mts\u00a0<\/strong><\/p>\n<p><strong>Largo 1.35 mts<\/strong><\/p>\n<p><strong>Profundidad: 70 mts<\/strong><\/p>\n","protected":false},"excerpt":{"rendered":"<p>Cuna con Barandas Deslizables y RuedasCuna fabricada en MDF de 18 mm laqueado en blanco semi mate con laca poliuret\u00e1nica, que ofrece un acabado duradero y elegante. Cuenta con barandas deslizables para facilitar el acceso y garantizar la seguridad del beb\u00e9, adem\u00e1s de 4 ruedas en la base para una movilidad pr\u00e1ctica y sencilla. MEDIDAS: [&hellip;]<\/p>\n","protected":false},"featured_media":2779,"template":"","meta":{"_gspb_post_css":"","_uag_custom_page_level_css":"","_themeisle_gutenberg_block_has_review":false},"product_brand":[67],"product_cat":[109,62],"product_tag":[],"class_list":{"0":"post-2357","1":"product","2":"type-product","3":"status-publish","4":"has-post-thumbnail","6":"product_brand-mandohome","7":"product_cat-cuna","8":"product_cat-dormitorio","10":"first","11":"instock","12":"shipping-taxable","13":"product-type-external"},"uagb_featured_image_src":{"full":["https:\/\/mandohome.com.ar\/tienda\/wp-content\/uploads\/2025\/09\/ChatGPT-Image-23-feb-2026-15_36_21.png",1024,1024,false],"thumbnail":["https:\/\/mandohome.com.ar\/tienda\/wp-content\/uploads\/2025\/09\/ChatGPT-Image-23-feb-2026-15_36_21-150x150.png",150,150,true],"medium":["https:\/\/mandohome.com.ar\/tienda\/wp-content\/uploads\/2025\/09\/ChatGPT-Image-23-feb-2026-15_36_21-300x300.png",300,300,true],"medium_large":["https:\/\/mandohome.com.ar\/tienda\/wp-content\/uploads\/2025\/09\/ChatGPT-Image-23-feb-2026-15_36_21-768x768.png",768,768,true],"large":["https:\/\/mandohome.com.ar\/tienda\/wp-content\/uploads\/2025\/09\/ChatGPT-Image-23-feb-2026-15_36_21.png",1024,1024,false],"1536x1536":["https:\/\/mandohome.com.ar\/tienda\/wp-content\/uploads\/2025\/09\/ChatGPT-Image-23-feb-2026-15_36_21.png",1024,1024,false],"2048x2048":["https:\/\/mandohome.com.ar\/tienda\/wp-content\/uploads\/2025\/09\/ChatGPT-Image-23-feb-2026-15_36_21.png",1024,1024,false],"woocommerce_archive_thumbnail":["https:\/\/mandohome.com.ar\/tienda\/wp-content\/uploads\/2025\/09\/ChatGPT-Image-23-feb-2026-15_36_21-300x300.png",300,300,true],"woocommerce_thumbnail":["https:\/\/mandohome.com.ar\/tienda\/wp-content\/uploads\/2025\/09\/ChatGPT-Image-23-feb-2026-15_36_21-300x300.png",300,300,true],"woocommerce_single":["https:\/\/mandohome.com.ar\/tienda\/wp-content\/uploads\/2025\/09\/ChatGPT-Image-23-feb-2026-15_36_21-600x600.png",600,600,true],"woocommerce_gallery_thumbnail":["https:\/\/mandohome.com.ar\/tienda\/wp-content\/uploads\/2025\/09\/ChatGPT-Image-23-feb-2026-15_36_21-100x100.png",100,100,true]},"uagb_author_info":{"display_name":"CortexDigital","author_link":"https:\/\/mandohome.com.ar\/tienda\/author\/"},"uagb_comment_info":0,"uagb_excerpt":"Cuna con Barandas Deslizables y RuedasCuna fabricada en MDF de 18 mm laqueado en blanco semi mate con laca poliuret\u00e1nica, que ofrece un acabado duradero y elegante. Cuenta con barandas deslizables para facilitar el acceso y garantizar la seguridad del beb\u00e9, adem\u00e1s de 4 ruedas en la base para una movilidad pr\u00e1ctica y sencilla. MEDIDAS:&hellip;","jetpack_sharing_enabled":true,"_links":{"self":[{"href":"https:\/\/mandohome.com.ar\/tienda\/wp-json\/wp\/v2\/product\/2357","targetHints":{"allow":["GET"]}}],"collection":[{"href":"https:\/\/mandohome.com.ar\/tienda\/wp-json\/wp\/v2\/product"}],"about":[{"href":"https:\/\/mandohome.com.ar\/tienda\/wp-json\/wp\/v2\/types\/product"}],"wp:featuredmedia":[{"embeddable":true,"href":"https:\/\/mandohome.com.ar\/tienda\/wp-json\/wp\/v2\/media\/2779"}],"wp:attachment":[{"href":"https:\/\/mandohome.com.ar\/tienda\/wp-json\/wp\/v2\/media?parent=2357"}],"wp:term":[{"taxonomy":"product_brand","embeddable":true,"href":"https:\/\/mandohome.com.ar\/tienda\/wp-json\/wp\/v2\/product_brand?post=2357"},{"taxonomy":"product_cat","embeddable":true,"href":"https:\/\/mandohome.com.ar\/tienda\/wp-json\/wp\/v2\/product_cat?post=2357"},{"taxonomy":"product_tag","embeddable":true,"href":"https:\/\/mandohome.com.ar\/tienda\/wp-json\/wp\/v2\/product_tag?post=2357"}],"curies":[{"name":"wp","href":"https:\/\/api.w.org\/{rel}","templated":true}]}}