{"id":2358,"date":"2025-09-02T10:45:28","date_gmt":"2025-09-02T13:45:28","guid":{"rendered":"https:\/\/mandohome.com.ar\/tienda\/?post_type=product&#038;p=2358"},"modified":"2026-04-23T16:59:45","modified_gmt":"2026-04-23T19:59:45","slug":"mesa-de-luz-light-room-2","status":"publish","type":"product","link":"https:\/\/mandohome.com.ar\/tienda\/producto\/mesa-de-luz-light-room-2\/","title":{"rendered":"Mesa de luz LIGHT ROOM"},"content":{"rendered":"<p data-start=\"69\" data-end=\"348\"><strong data-start=\"69\" data-end=\"112\">Mesa de Luz con Caj\u00f3n y Estante Abierto<\/strong><br data-start=\"112\" data-end=\"115\" \/><strong>Mesa de luz dise\u00f1ada con un caj\u00f3n con bu\u00f1a inferior para apertura c\u00f3moda, equipado con gu\u00eda oculta y cierre suave que garantiza un uso silencioso. Adem\u00e1s, cuenta con un estante abierto en la parte inferior para mayor funcionalidad.<\/strong><\/p>\n<p data-start=\"350\" data-end=\"513\"><strong>Fabricada en MDF de 18 y 5 mm, laqueada en acabado brillante , con estante inferior enchapado en Roble Americano, combinando modernidad y calidez natural. <\/strong><strong>Medidas<\/strong>: <strong>cuenta con un ancho de 0.60cm por un alto de 0.60cm y una profundidad de 0.45 cm<\/strong><\/p>\n<p>&nbsp;<\/p>\n","protected":false},"excerpt":{"rendered":"<p>Mesa de Luz con Caj\u00f3n y Estante AbiertoMesa de luz dise\u00f1ada con un caj\u00f3n con bu\u00f1a inferior para apertura c\u00f3moda, equipado con gu\u00eda oculta y cierre suave que garantiza un uso silencioso. Adem\u00e1s, cuenta con un estante abierto en la parte inferior para mayor funcionalidad. Fabricada en MDF de 18 y 5 mm, laqueada en [&hellip;]<\/p>\n","protected":false},"featured_media":2778,"template":"","meta":{"_gspb_post_css":"","_uag_custom_page_level_css":"","_themeisle_gutenberg_block_has_review":false},"product_brand":[67],"product_cat":[62,91,108,107],"product_tag":[],"class_list":{"0":"post-2358","1":"product","2":"type-product","3":"status-publish","4":"has-post-thumbnail","6":"product_brand-mandohome","7":"product_cat-dormitorio","8":"product_cat-mesas","9":"product_cat-mesas-de-luz","10":"product_cat-muebles","12":"first","13":"instock","14":"shipping-taxable","15":"product-type-external"},"uagb_featured_image_src":{"full":["https:\/\/mandohome.com.ar\/tienda\/wp-content\/uploads\/2025\/09\/ChatGPT-Image-23-feb-2026-15_32_30.png",1024,1024,false],"thumbnail":["https:\/\/mandohome.com.ar\/tienda\/wp-content\/uploads\/2025\/09\/ChatGPT-Image-23-feb-2026-15_32_30-150x150.png",150,150,true],"medium":["https:\/\/mandohome.com.ar\/tienda\/wp-content\/uploads\/2025\/09\/ChatGPT-Image-23-feb-2026-15_32_30-300x300.png",300,300,true],"medium_large":["https:\/\/mandohome.com.ar\/tienda\/wp-content\/uploads\/2025\/09\/ChatGPT-Image-23-feb-2026-15_32_30-768x768.png",768,768,true],"large":["https:\/\/mandohome.com.ar\/tienda\/wp-content\/uploads\/2025\/09\/ChatGPT-Image-23-feb-2026-15_32_30.png",1024,1024,false],"1536x1536":["https:\/\/mandohome.com.ar\/tienda\/wp-content\/uploads\/2025\/09\/ChatGPT-Image-23-feb-2026-15_32_30.png",1024,1024,false],"2048x2048":["https:\/\/mandohome.com.ar\/tienda\/wp-content\/uploads\/2025\/09\/ChatGPT-Image-23-feb-2026-15_32_30.png",1024,1024,false],"woocommerce_archive_thumbnail":["https:\/\/mandohome.com.ar\/tienda\/wp-content\/uploads\/2025\/09\/ChatGPT-Image-23-feb-2026-15_32_30-300x300.png",300,300,true],"woocommerce_thumbnail":["https:\/\/mandohome.com.ar\/tienda\/wp-content\/uploads\/2025\/09\/ChatGPT-Image-23-feb-2026-15_32_30-300x300.png",300,300,true],"woocommerce_single":["https:\/\/mandohome.com.ar\/tienda\/wp-content\/uploads\/2025\/09\/ChatGPT-Image-23-feb-2026-15_32_30-600x600.png",600,600,true],"woocommerce_gallery_thumbnail":["https:\/\/mandohome.com.ar\/tienda\/wp-content\/uploads\/2025\/09\/ChatGPT-Image-23-feb-2026-15_32_30-100x100.png",100,100,true]},"uagb_author_info":{"display_name":"CortexDigital","author_link":"https:\/\/mandohome.com.ar\/tienda\/author\/"},"uagb_comment_info":0,"uagb_excerpt":"Mesa de Luz con Caj\u00f3n y Estante AbiertoMesa de luz dise\u00f1ada con un caj\u00f3n con bu\u00f1a inferior para apertura c\u00f3moda, equipado con gu\u00eda oculta y cierre suave que garantiza un uso silencioso. Adem\u00e1s, cuenta con un estante abierto en la parte inferior para mayor funcionalidad. Fabricada en MDF de 18 y 5 mm, laqueada en&hellip;","jetpack_sharing_enabled":true,"_links":{"self":[{"href":"https:\/\/mandohome.com.ar\/tienda\/wp-json\/wp\/v2\/product\/2358","targetHints":{"allow":["GET"]}}],"collection":[{"href":"https:\/\/mandohome.com.ar\/tienda\/wp-json\/wp\/v2\/product"}],"about":[{"href":"https:\/\/mandohome.com.ar\/tienda\/wp-json\/wp\/v2\/types\/product"}],"wp:featuredmedia":[{"embeddable":true,"href":"https:\/\/mandohome.com.ar\/tienda\/wp-json\/wp\/v2\/media\/2778"}],"wp:attachment":[{"href":"https:\/\/mandohome.com.ar\/tienda\/wp-json\/wp\/v2\/media?parent=2358"}],"wp:term":[{"taxonomy":"product_brand","embeddable":true,"href":"https:\/\/mandohome.com.ar\/tienda\/wp-json\/wp\/v2\/product_brand?post=2358"},{"taxonomy":"product_cat","embeddable":true,"href":"https:\/\/mandohome.com.ar\/tienda\/wp-json\/wp\/v2\/product_cat?post=2358"},{"taxonomy":"product_tag","embeddable":true,"href":"https:\/\/mandohome.com.ar\/tienda\/wp-json\/wp\/v2\/product_tag?post=2358"}],"curies":[{"name":"wp","href":"https:\/\/api.w.org\/{rel}","templated":true}]}}