{"id":2364,"date":"2025-09-02T10:45:29","date_gmt":"2025-09-02T13:45:29","guid":{"rendered":"https:\/\/mandohome.com.ar\/tienda\/?post_type=product&#038;p=2364"},"modified":"2026-04-07T16:38:32","modified_gmt":"2026-04-07T19:38:32","slug":"sillon-surf-2","status":"publish","type":"product","link":"https:\/\/mandohome.com.ar\/tienda\/producto\/sillon-surf-2\/","title":{"rendered":"Sill\u00f3n SURF"},"content":{"rendered":"<p data-start=\"72\" data-end=\"352\"><strong data-start=\"72\" data-end=\"112\">Sill\u00f3n Individual con Tapizado Doble<\/strong><br data-start=\"112\" data-end=\"115\" \/><strong>Sill\u00f3n de un cuerpo con dise\u00f1o sofisticado que combina dos telas: el cuerpo, detalles, funda y almohadones en una tela, y la funda externa, asiento y almohadones en otra. Incluye 2 almohadones decorativos para mayor comodidad y estilo.<\/strong><\/p>\n<p data-start=\"354\" data-end=\"520\"><strong>Estructura s\u00f3lida en multilaminado de 18 mm.\u00a0 Medidas: Alto:0.71 Profundidad total:0.80cm Ancho:0.80cm<\/strong><\/p>\n","protected":false},"excerpt":{"rendered":"<p>Sill\u00f3n Individual con Tapizado DobleSill\u00f3n de un cuerpo con dise\u00f1o sofisticado que combina dos telas: el cuerpo, detalles, funda y almohadones en una tela, y la funda externa, asiento y almohadones en otra. Incluye 2 almohadones decorativos para mayor comodidad y estilo. Estructura s\u00f3lida en multilaminado de 18 mm.\u00a0 Medidas: Alto:0.71 Profundidad total:0.80cm Ancho:0.80cm<\/p>\n","protected":false},"featured_media":2767,"template":"","meta":{"_gspb_post_css":"","_uag_custom_page_level_css":"","_themeisle_gutenberg_block_has_review":false},"product_brand":[67],"product_cat":[107,100],"product_tag":[],"class_list":{"0":"post-2364","1":"product","2":"type-product","3":"status-publish","4":"has-post-thumbnail","6":"product_brand-mandohome","7":"product_cat-muebles","8":"product_cat-sillones","10":"first","11":"instock","12":"shipping-taxable","13":"product-type-external"},"uagb_featured_image_src":{"full":["https:\/\/mandohome.com.ar\/tienda\/wp-content\/uploads\/2025\/09\/ChatGPT-Image-23-feb-2026-14_45_16.png",1024,1536,false],"thumbnail":["https:\/\/mandohome.com.ar\/tienda\/wp-content\/uploads\/2025\/09\/ChatGPT-Image-23-feb-2026-14_45_16-150x150.png",150,150,true],"medium":["https:\/\/mandohome.com.ar\/tienda\/wp-content\/uploads\/2025\/09\/ChatGPT-Image-23-feb-2026-14_45_16-200x300.png",200,300,true],"medium_large":["https:\/\/mandohome.com.ar\/tienda\/wp-content\/uploads\/2025\/09\/ChatGPT-Image-23-feb-2026-14_45_16-768x1152.png",768,1152,true],"large":["https:\/\/mandohome.com.ar\/tienda\/wp-content\/uploads\/2025\/09\/ChatGPT-Image-23-feb-2026-14_45_16-683x1024.png",683,1024,true],"1536x1536":["https:\/\/mandohome.com.ar\/tienda\/wp-content\/uploads\/2025\/09\/ChatGPT-Image-23-feb-2026-14_45_16.png",1024,1536,false],"2048x2048":["https:\/\/mandohome.com.ar\/tienda\/wp-content\/uploads\/2025\/09\/ChatGPT-Image-23-feb-2026-14_45_16.png",1024,1536,false],"woocommerce_archive_thumbnail":["https:\/\/mandohome.com.ar\/tienda\/wp-content\/uploads\/2025\/09\/ChatGPT-Image-23-feb-2026-14_45_16-300x450.png",300,450,true],"woocommerce_thumbnail":["https:\/\/mandohome.com.ar\/tienda\/wp-content\/uploads\/2025\/09\/ChatGPT-Image-23-feb-2026-14_45_16-300x300.png",300,300,true],"woocommerce_single":["https:\/\/mandohome.com.ar\/tienda\/wp-content\/uploads\/2025\/09\/ChatGPT-Image-23-feb-2026-14_45_16-600x900.png",600,900,true],"woocommerce_gallery_thumbnail":["https:\/\/mandohome.com.ar\/tienda\/wp-content\/uploads\/2025\/09\/ChatGPT-Image-23-feb-2026-14_45_16-100x100.png",100,100,true]},"uagb_author_info":{"display_name":"CortexDigital","author_link":"https:\/\/mandohome.com.ar\/tienda\/author\/"},"uagb_comment_info":0,"uagb_excerpt":"Sill\u00f3n Individual con Tapizado DobleSill\u00f3n de un cuerpo con dise\u00f1o sofisticado que combina dos telas: el cuerpo, detalles, funda y almohadones en una tela, y la funda externa, asiento y almohadones en otra. Incluye 2 almohadones decorativos para mayor comodidad y estilo. Estructura s\u00f3lida en multilaminado de 18 mm.\u00a0 Medidas: Alto:0.71 Profundidad total:0.80cm Ancho:0.80cm","jetpack_sharing_enabled":true,"_links":{"self":[{"href":"https:\/\/mandohome.com.ar\/tienda\/wp-json\/wp\/v2\/product\/2364","targetHints":{"allow":["GET"]}}],"collection":[{"href":"https:\/\/mandohome.com.ar\/tienda\/wp-json\/wp\/v2\/product"}],"about":[{"href":"https:\/\/mandohome.com.ar\/tienda\/wp-json\/wp\/v2\/types\/product"}],"wp:featuredmedia":[{"embeddable":true,"href":"https:\/\/mandohome.com.ar\/tienda\/wp-json\/wp\/v2\/media\/2767"}],"wp:attachment":[{"href":"https:\/\/mandohome.com.ar\/tienda\/wp-json\/wp\/v2\/media?parent=2364"}],"wp:term":[{"taxonomy":"product_brand","embeddable":true,"href":"https:\/\/mandohome.com.ar\/tienda\/wp-json\/wp\/v2\/product_brand?post=2364"},{"taxonomy":"product_cat","embeddable":true,"href":"https:\/\/mandohome.com.ar\/tienda\/wp-json\/wp\/v2\/product_cat?post=2364"},{"taxonomy":"product_tag","embeddable":true,"href":"https:\/\/mandohome.com.ar\/tienda\/wp-json\/wp\/v2\/product_tag?post=2364"}],"curies":[{"name":"wp","href":"https:\/\/api.w.org\/{rel}","templated":true}]}}