{"id":2367,"date":"2025-09-02T10:45:29","date_gmt":"2025-09-02T13:45:29","guid":{"rendered":"https:\/\/mandohome.com.ar\/tienda\/?post_type=product&#038;p=2367"},"modified":"2026-04-23T16:53:12","modified_gmt":"2026-04-23T19:53:12","slug":"sillon-paradise-ii-2","status":"publish","type":"product","link":"https:\/\/mandohome.com.ar\/tienda\/producto\/sillon-paradise-ii-2\/","title":{"rendered":"Sill\u00f3n PARADISE Boucle"},"content":{"rendered":"<p data-start=\"120\" data-end=\"574\"><strong data-start=\"120\" data-end=\"209\">Sill\u00f3n individual de dise\u00f1o elegante con formas curvas, que combina confort y estilo.<\/strong><br data-start=\"209\" data-end=\"212\" \/><strong>Cuenta con una estructura interna resistente en multilaminado de 18 mm, tapizado en tela boucl\u00e9 , que aporta suavidad y sofisticaci\u00f3n.<\/strong><br data-start=\"379\" data-end=\"382\" \/><strong>La base est\u00e1 realizada en madera de cedrillo, enchapada y terminada con un tinte caramelo de lustre semi mate, que resalta la belleza natural de la madera y ofrece un acabado c\u00e1lido y moderno. Medidas: Alto 0.90cm por 0.80 de ancho Profundidad:0.80cm<\/strong><\/p>\n","protected":false},"excerpt":{"rendered":"<p>Sill\u00f3n individual de dise\u00f1o elegante con formas curvas, que combina confort y estilo.Cuenta con una estructura interna resistente en multilaminado de 18 mm, tapizado en tela boucl\u00e9 , que aporta suavidad y sofisticaci\u00f3n.La base est\u00e1 realizada en madera de cedrillo, enchapada y terminada con un tinte caramelo de lustre semi mate, que resalta la belleza [&hellip;]<\/p>\n","protected":false},"featured_media":2761,"template":"","meta":{"_gspb_post_css":"","_uag_custom_page_level_css":"","_themeisle_gutenberg_block_has_review":false},"product_brand":[67],"product_cat":[107,100],"product_tag":[],"class_list":{"0":"post-2367","1":"product","2":"type-product","3":"status-publish","4":"has-post-thumbnail","6":"product_brand-mandohome","7":"product_cat-muebles","8":"product_cat-sillones","10":"first","11":"instock","12":"shipping-taxable","13":"product-type-external"},"uagb_featured_image_src":{"full":["https:\/\/mandohome.com.ar\/tienda\/wp-content\/uploads\/2025\/09\/ChatGPT-Image-23-feb-2026-14_32_34.png",1024,1024,false],"thumbnail":["https:\/\/mandohome.com.ar\/tienda\/wp-content\/uploads\/2025\/09\/ChatGPT-Image-23-feb-2026-14_32_34-150x150.png",150,150,true],"medium":["https:\/\/mandohome.com.ar\/tienda\/wp-content\/uploads\/2025\/09\/ChatGPT-Image-23-feb-2026-14_32_34-300x300.png",300,300,true],"medium_large":["https:\/\/mandohome.com.ar\/tienda\/wp-content\/uploads\/2025\/09\/ChatGPT-Image-23-feb-2026-14_32_34-768x768.png",768,768,true],"large":["https:\/\/mandohome.com.ar\/tienda\/wp-content\/uploads\/2025\/09\/ChatGPT-Image-23-feb-2026-14_32_34.png",1024,1024,false],"1536x1536":["https:\/\/mandohome.com.ar\/tienda\/wp-content\/uploads\/2025\/09\/ChatGPT-Image-23-feb-2026-14_32_34.png",1024,1024,false],"2048x2048":["https:\/\/mandohome.com.ar\/tienda\/wp-content\/uploads\/2025\/09\/ChatGPT-Image-23-feb-2026-14_32_34.png",1024,1024,false],"woocommerce_archive_thumbnail":["https:\/\/mandohome.com.ar\/tienda\/wp-content\/uploads\/2025\/09\/ChatGPT-Image-23-feb-2026-14_32_34-300x300.png",300,300,true],"woocommerce_thumbnail":["https:\/\/mandohome.com.ar\/tienda\/wp-content\/uploads\/2025\/09\/ChatGPT-Image-23-feb-2026-14_32_34-300x300.png",300,300,true],"woocommerce_single":["https:\/\/mandohome.com.ar\/tienda\/wp-content\/uploads\/2025\/09\/ChatGPT-Image-23-feb-2026-14_32_34-600x600.png",600,600,true],"woocommerce_gallery_thumbnail":["https:\/\/mandohome.com.ar\/tienda\/wp-content\/uploads\/2025\/09\/ChatGPT-Image-23-feb-2026-14_32_34-100x100.png",100,100,true]},"uagb_author_info":{"display_name":"CortexDigital","author_link":"https:\/\/mandohome.com.ar\/tienda\/author\/"},"uagb_comment_info":0,"uagb_excerpt":"Sill\u00f3n individual de dise\u00f1o elegante con formas curvas, que combina confort y estilo.Cuenta con una estructura interna resistente en multilaminado de 18 mm, tapizado en tela boucl\u00e9 , que aporta suavidad y sofisticaci\u00f3n.La base est\u00e1 realizada en madera de cedrillo, enchapada y terminada con un tinte caramelo de lustre semi mate, que resalta la belleza&hellip;","jetpack_sharing_enabled":true,"_links":{"self":[{"href":"https:\/\/mandohome.com.ar\/tienda\/wp-json\/wp\/v2\/product\/2367","targetHints":{"allow":["GET"]}}],"collection":[{"href":"https:\/\/mandohome.com.ar\/tienda\/wp-json\/wp\/v2\/product"}],"about":[{"href":"https:\/\/mandohome.com.ar\/tienda\/wp-json\/wp\/v2\/types\/product"}],"wp:featuredmedia":[{"embeddable":true,"href":"https:\/\/mandohome.com.ar\/tienda\/wp-json\/wp\/v2\/media\/2761"}],"wp:attachment":[{"href":"https:\/\/mandohome.com.ar\/tienda\/wp-json\/wp\/v2\/media?parent=2367"}],"wp:term":[{"taxonomy":"product_brand","embeddable":true,"href":"https:\/\/mandohome.com.ar\/tienda\/wp-json\/wp\/v2\/product_brand?post=2367"},{"taxonomy":"product_cat","embeddable":true,"href":"https:\/\/mandohome.com.ar\/tienda\/wp-json\/wp\/v2\/product_cat?post=2367"},{"taxonomy":"product_tag","embeddable":true,"href":"https:\/\/mandohome.com.ar\/tienda\/wp-json\/wp\/v2\/product_tag?post=2367"}],"curies":[{"name":"wp","href":"https:\/\/api.w.org\/{rel}","templated":true}]}}