{"id":2373,"date":"2025-09-02T10:45:29","date_gmt":"2025-09-02T13:45:29","guid":{"rendered":"https:\/\/mandohome.com.ar\/tienda\/?post_type=product&#038;p=2373"},"modified":"2026-04-17T12:40:54","modified_gmt":"2026-04-17T15:40:54","slug":"puff-kuma-2","status":"publish","type":"product","link":"https:\/\/mandohome.com.ar\/tienda\/producto\/puff-kuma-2\/","title":{"rendered":"Puff KUMA"},"content":{"rendered":"<p data-start=\"52\" data-end=\"334\"><strong>Puff tapizado estilo capiton\u00e9 en cuero de alta calidad, con un dise\u00f1o elegante y atemporal que aporta distinci\u00f3n a cualquier espacio. Su estructura firme y el trabajo artesanal del capiton\u00e9 ofrecen un acabado sofisticado, ideal como asiento auxiliar o elemento decorativo. Medidas:0.50 cm x 0.45 cm<\/strong><\/p>\n<p>&nbsp;<\/p>\n","protected":false},"excerpt":{"rendered":"<p>Puff tapizado estilo capiton\u00e9 en cuero de alta calidad, con un dise\u00f1o elegante y atemporal que aporta distinci\u00f3n a cualquier espacio. Su estructura firme y el trabajo artesanal del capiton\u00e9 ofrecen un acabado sofisticado, ideal como asiento auxiliar o elemento decorativo. Medidas:0.50 cm x 0.45 cm &nbsp;<\/p>\n","protected":false},"featured_media":2749,"template":"","meta":{"_gspb_post_css":"","_uag_custom_page_level_css":"","_themeisle_gutenberg_block_has_review":false},"product_brand":[67],"product_cat":[107,103],"product_tag":[],"class_list":{"0":"post-2373","1":"product","2":"type-product","3":"status-publish","4":"has-post-thumbnail","6":"product_brand-mandohome","7":"product_cat-muebles","8":"product_cat-puff","10":"first","11":"instock","12":"shipping-taxable","13":"product-type-external"},"uagb_featured_image_src":{"full":["https:\/\/mandohome.com.ar\/tienda\/wp-content\/uploads\/2025\/09\/ChatGPT-Image-23-feb-2026-14_11_15.png",1024,1024,false],"thumbnail":["https:\/\/mandohome.com.ar\/tienda\/wp-content\/uploads\/2025\/09\/ChatGPT-Image-23-feb-2026-14_11_15-150x150.png",150,150,true],"medium":["https:\/\/mandohome.com.ar\/tienda\/wp-content\/uploads\/2025\/09\/ChatGPT-Image-23-feb-2026-14_11_15-300x300.png",300,300,true],"medium_large":["https:\/\/mandohome.com.ar\/tienda\/wp-content\/uploads\/2025\/09\/ChatGPT-Image-23-feb-2026-14_11_15-768x768.png",768,768,true],"large":["https:\/\/mandohome.com.ar\/tienda\/wp-content\/uploads\/2025\/09\/ChatGPT-Image-23-feb-2026-14_11_15.png",1024,1024,false],"1536x1536":["https:\/\/mandohome.com.ar\/tienda\/wp-content\/uploads\/2025\/09\/ChatGPT-Image-23-feb-2026-14_11_15.png",1024,1024,false],"2048x2048":["https:\/\/mandohome.com.ar\/tienda\/wp-content\/uploads\/2025\/09\/ChatGPT-Image-23-feb-2026-14_11_15.png",1024,1024,false],"woocommerce_archive_thumbnail":["https:\/\/mandohome.com.ar\/tienda\/wp-content\/uploads\/2025\/09\/ChatGPT-Image-23-feb-2026-14_11_15-300x300.png",300,300,true],"woocommerce_thumbnail":["https:\/\/mandohome.com.ar\/tienda\/wp-content\/uploads\/2025\/09\/ChatGPT-Image-23-feb-2026-14_11_15-300x300.png",300,300,true],"woocommerce_single":["https:\/\/mandohome.com.ar\/tienda\/wp-content\/uploads\/2025\/09\/ChatGPT-Image-23-feb-2026-14_11_15-600x600.png",600,600,true],"woocommerce_gallery_thumbnail":["https:\/\/mandohome.com.ar\/tienda\/wp-content\/uploads\/2025\/09\/ChatGPT-Image-23-feb-2026-14_11_15-100x100.png",100,100,true]},"uagb_author_info":{"display_name":"CortexDigital","author_link":"https:\/\/mandohome.com.ar\/tienda\/author\/"},"uagb_comment_info":0,"uagb_excerpt":"Puff tapizado estilo capiton\u00e9 en cuero de alta calidad, con un dise\u00f1o elegante y atemporal que aporta distinci\u00f3n a cualquier espacio. Su estructura firme y el trabajo artesanal del capiton\u00e9 ofrecen un acabado sofisticado, ideal como asiento auxiliar o elemento decorativo. Medidas:0.50 cm x 0.45 cm &nbsp;","jetpack_sharing_enabled":true,"_links":{"self":[{"href":"https:\/\/mandohome.com.ar\/tienda\/wp-json\/wp\/v2\/product\/2373","targetHints":{"allow":["GET"]}}],"collection":[{"href":"https:\/\/mandohome.com.ar\/tienda\/wp-json\/wp\/v2\/product"}],"about":[{"href":"https:\/\/mandohome.com.ar\/tienda\/wp-json\/wp\/v2\/types\/product"}],"wp:featuredmedia":[{"embeddable":true,"href":"https:\/\/mandohome.com.ar\/tienda\/wp-json\/wp\/v2\/media\/2749"}],"wp:attachment":[{"href":"https:\/\/mandohome.com.ar\/tienda\/wp-json\/wp\/v2\/media?parent=2373"}],"wp:term":[{"taxonomy":"product_brand","embeddable":true,"href":"https:\/\/mandohome.com.ar\/tienda\/wp-json\/wp\/v2\/product_brand?post=2373"},{"taxonomy":"product_cat","embeddable":true,"href":"https:\/\/mandohome.com.ar\/tienda\/wp-json\/wp\/v2\/product_cat?post=2373"},{"taxonomy":"product_tag","embeddable":true,"href":"https:\/\/mandohome.com.ar\/tienda\/wp-json\/wp\/v2\/product_tag?post=2373"}],"curies":[{"name":"wp","href":"https:\/\/api.w.org\/{rel}","templated":true}]}}