{"id":2375,"date":"2025-09-02T10:45:29","date_gmt":"2025-09-02T13:45:29","guid":{"rendered":"https:\/\/mandohome.com.ar\/tienda\/?post_type=product&#038;p=2375"},"modified":"2026-04-17T12:41:18","modified_gmt":"2026-04-17T15:41:18","slug":"puff-pei-2","status":"publish","type":"product","link":"https:\/\/mandohome.com.ar\/tienda\/producto\/puff-pei-2\/","title":{"rendered":"Puff Pei"},"content":{"rendered":"<p><strong data-start=\"57\" data-end=\"74\">Puff cuadrado<\/strong> tapizado en cuero crocco , en elegante tono negro. Su base plana laqueada en color madera natural crea un contraste c\u00e1lido y sofisticado. De dise\u00f1o compacto y vers\u00e1til, es ideal como asiento auxiliar o apoyo decorativo, aportando estilo y funcionalidad a cualquier ambiente.Medidas: alto 0.45cm Ancho: 0.43cm<\/p>\n","protected":false},"excerpt":{"rendered":"<p>Puff cuadrado tapizado en cuero crocco , en elegante tono negro. Su base plana laqueada en color madera natural crea un contraste c\u00e1lido y sofisticado. De dise\u00f1o compacto y vers\u00e1til, es ideal como asiento auxiliar o apoyo decorativo, aportando estilo y funcionalidad a cualquier ambiente.Medidas: alto 0.45cm Ancho: 0.43cm<\/p>\n","protected":false},"featured_media":2745,"template":"","meta":{"_gspb_post_css":"","_uag_custom_page_level_css":"","_themeisle_gutenberg_block_has_review":false},"product_brand":[67],"product_cat":[107,103],"product_tag":[],"class_list":{"0":"post-2375","1":"product","2":"type-product","3":"status-publish","4":"has-post-thumbnail","6":"product_brand-mandohome","7":"product_cat-muebles","8":"product_cat-puff","10":"first","11":"instock","12":"shipping-taxable","13":"product-type-external"},"uagb_featured_image_src":{"full":["https:\/\/mandohome.com.ar\/tienda\/wp-content\/uploads\/2025\/09\/ChatGPT-Image-21-feb-2026-14_59_39.png",1024,1024,false],"thumbnail":["https:\/\/mandohome.com.ar\/tienda\/wp-content\/uploads\/2025\/09\/ChatGPT-Image-21-feb-2026-14_59_39-150x150.png",150,150,true],"medium":["https:\/\/mandohome.com.ar\/tienda\/wp-content\/uploads\/2025\/09\/ChatGPT-Image-21-feb-2026-14_59_39-300x300.png",300,300,true],"medium_large":["https:\/\/mandohome.com.ar\/tienda\/wp-content\/uploads\/2025\/09\/ChatGPT-Image-21-feb-2026-14_59_39-768x768.png",768,768,true],"large":["https:\/\/mandohome.com.ar\/tienda\/wp-content\/uploads\/2025\/09\/ChatGPT-Image-21-feb-2026-14_59_39.png",1024,1024,false],"1536x1536":["https:\/\/mandohome.com.ar\/tienda\/wp-content\/uploads\/2025\/09\/ChatGPT-Image-21-feb-2026-14_59_39.png",1024,1024,false],"2048x2048":["https:\/\/mandohome.com.ar\/tienda\/wp-content\/uploads\/2025\/09\/ChatGPT-Image-21-feb-2026-14_59_39.png",1024,1024,false],"woocommerce_archive_thumbnail":["https:\/\/mandohome.com.ar\/tienda\/wp-content\/uploads\/2025\/09\/ChatGPT-Image-21-feb-2026-14_59_39-300x300.png",300,300,true],"woocommerce_thumbnail":["https:\/\/mandohome.com.ar\/tienda\/wp-content\/uploads\/2025\/09\/ChatGPT-Image-21-feb-2026-14_59_39-300x300.png",300,300,true],"woocommerce_single":["https:\/\/mandohome.com.ar\/tienda\/wp-content\/uploads\/2025\/09\/ChatGPT-Image-21-feb-2026-14_59_39-600x600.png",600,600,true],"woocommerce_gallery_thumbnail":["https:\/\/mandohome.com.ar\/tienda\/wp-content\/uploads\/2025\/09\/ChatGPT-Image-21-feb-2026-14_59_39-100x100.png",100,100,true]},"uagb_author_info":{"display_name":"CortexDigital","author_link":"https:\/\/mandohome.com.ar\/tienda\/author\/"},"uagb_comment_info":0,"uagb_excerpt":"Puff cuadrado tapizado en cuero crocco , en elegante tono negro. Su base plana laqueada en color madera natural crea un contraste c\u00e1lido y sofisticado. De dise\u00f1o compacto y vers\u00e1til, es ideal como asiento auxiliar o apoyo decorativo, aportando estilo y funcionalidad a cualquier ambiente.Medidas: alto 0.45cm Ancho: 0.43cm","jetpack_sharing_enabled":true,"_links":{"self":[{"href":"https:\/\/mandohome.com.ar\/tienda\/wp-json\/wp\/v2\/product\/2375","targetHints":{"allow":["GET"]}}],"collection":[{"href":"https:\/\/mandohome.com.ar\/tienda\/wp-json\/wp\/v2\/product"}],"about":[{"href":"https:\/\/mandohome.com.ar\/tienda\/wp-json\/wp\/v2\/types\/product"}],"wp:featuredmedia":[{"embeddable":true,"href":"https:\/\/mandohome.com.ar\/tienda\/wp-json\/wp\/v2\/media\/2745"}],"wp:attachment":[{"href":"https:\/\/mandohome.com.ar\/tienda\/wp-json\/wp\/v2\/media?parent=2375"}],"wp:term":[{"taxonomy":"product_brand","embeddable":true,"href":"https:\/\/mandohome.com.ar\/tienda\/wp-json\/wp\/v2\/product_brand?post=2375"},{"taxonomy":"product_cat","embeddable":true,"href":"https:\/\/mandohome.com.ar\/tienda\/wp-json\/wp\/v2\/product_cat?post=2375"},{"taxonomy":"product_tag","embeddable":true,"href":"https:\/\/mandohome.com.ar\/tienda\/wp-json\/wp\/v2\/product_tag?post=2375"}],"curies":[{"name":"wp","href":"https:\/\/api.w.org\/{rel}","templated":true}]}}