{"id":2378,"date":"2025-09-02T10:45:30","date_gmt":"2025-09-02T13:45:30","guid":{"rendered":"https:\/\/mandohome.com.ar\/tienda\/?post_type=product&#038;p=2378"},"modified":"2026-04-07T16:37:58","modified_gmt":"2026-04-07T19:37:58","slug":"sillon-vent-2","status":"publish","type":"product","link":"https:\/\/mandohome.com.ar\/tienda\/producto\/sillon-vent-2\/","title":{"rendered":"Sill\u00f3n modular VENT"},"content":{"rendered":"<p data-start=\"59\" data-end=\"244\"><strong>Sill\u00f3n de 3 cuerpos con div\u00e1n, dividido en tres m\u00f3dulos independientes y tapizado en tela color gris perla con detalles en piedra para las costuras, realzadas con vivo lateral.<\/strong><\/p>\n<p data-start=\"246\" data-end=\"402\"><strong>Estructura interna de multilaminado de 18 mm y apoyos al piso en madera maciza laqueada en color gris semi mate, que garantizan resistencia y elegancia.<\/strong><\/p>\n<p data-start=\"404\" data-end=\"471\"><strong>Incluye 9 almohadones para m\u00e1ximo confort y estilo.<\/strong><\/p>\n<p>&nbsp;<\/p>\n","protected":false},"excerpt":{"rendered":"<p>Sill\u00f3n de 3 cuerpos con div\u00e1n, dividido en tres m\u00f3dulos independientes y tapizado en tela color gris perla con detalles en piedra para las costuras, realzadas con vivo lateral. Estructura interna de multilaminado de 18 mm y apoyos al piso en madera maciza laqueada en color gris semi mate, que garantizan resistencia y elegancia. Incluye [&hellip;]<\/p>\n","protected":false},"featured_media":2740,"template":"","meta":{"_gspb_post_css":"","_uag_custom_page_level_css":"","_themeisle_gutenberg_block_has_review":false},"product_brand":[67],"product_cat":[107,100],"product_tag":[],"class_list":{"0":"post-2378","1":"product","2":"type-product","3":"status-publish","4":"has-post-thumbnail","6":"product_brand-mandohome","7":"product_cat-muebles","8":"product_cat-sillones","10":"first","11":"instock","12":"shipping-taxable","13":"product-type-external"},"uagb_featured_image_src":{"full":["https:\/\/mandohome.com.ar\/tienda\/wp-content\/uploads\/2025\/09\/ChatGPT-Image-21-feb-2026-14_22_54.png",1024,1024,false],"thumbnail":["https:\/\/mandohome.com.ar\/tienda\/wp-content\/uploads\/2025\/09\/ChatGPT-Image-21-feb-2026-14_22_54-150x150.png",150,150,true],"medium":["https:\/\/mandohome.com.ar\/tienda\/wp-content\/uploads\/2025\/09\/ChatGPT-Image-21-feb-2026-14_22_54-300x300.png",300,300,true],"medium_large":["https:\/\/mandohome.com.ar\/tienda\/wp-content\/uploads\/2025\/09\/ChatGPT-Image-21-feb-2026-14_22_54-768x768.png",768,768,true],"large":["https:\/\/mandohome.com.ar\/tienda\/wp-content\/uploads\/2025\/09\/ChatGPT-Image-21-feb-2026-14_22_54.png",1024,1024,false],"1536x1536":["https:\/\/mandohome.com.ar\/tienda\/wp-content\/uploads\/2025\/09\/ChatGPT-Image-21-feb-2026-14_22_54.png",1024,1024,false],"2048x2048":["https:\/\/mandohome.com.ar\/tienda\/wp-content\/uploads\/2025\/09\/ChatGPT-Image-21-feb-2026-14_22_54.png",1024,1024,false],"woocommerce_archive_thumbnail":["https:\/\/mandohome.com.ar\/tienda\/wp-content\/uploads\/2025\/09\/ChatGPT-Image-21-feb-2026-14_22_54-300x300.png",300,300,true],"woocommerce_thumbnail":["https:\/\/mandohome.com.ar\/tienda\/wp-content\/uploads\/2025\/09\/ChatGPT-Image-21-feb-2026-14_22_54-300x300.png",300,300,true],"woocommerce_single":["https:\/\/mandohome.com.ar\/tienda\/wp-content\/uploads\/2025\/09\/ChatGPT-Image-21-feb-2026-14_22_54-600x600.png",600,600,true],"woocommerce_gallery_thumbnail":["https:\/\/mandohome.com.ar\/tienda\/wp-content\/uploads\/2025\/09\/ChatGPT-Image-21-feb-2026-14_22_54-100x100.png",100,100,true]},"uagb_author_info":{"display_name":"CortexDigital","author_link":"https:\/\/mandohome.com.ar\/tienda\/author\/"},"uagb_comment_info":0,"uagb_excerpt":"Sill\u00f3n de 3 cuerpos con div\u00e1n, dividido en tres m\u00f3dulos independientes y tapizado en tela color gris perla con detalles en piedra para las costuras, realzadas con vivo lateral. Estructura interna de multilaminado de 18 mm y apoyos al piso en madera maciza laqueada en color gris semi mate, que garantizan resistencia y elegancia. Incluye&hellip;","jetpack_sharing_enabled":true,"_links":{"self":[{"href":"https:\/\/mandohome.com.ar\/tienda\/wp-json\/wp\/v2\/product\/2378","targetHints":{"allow":["GET"]}}],"collection":[{"href":"https:\/\/mandohome.com.ar\/tienda\/wp-json\/wp\/v2\/product"}],"about":[{"href":"https:\/\/mandohome.com.ar\/tienda\/wp-json\/wp\/v2\/types\/product"}],"wp:featuredmedia":[{"embeddable":true,"href":"https:\/\/mandohome.com.ar\/tienda\/wp-json\/wp\/v2\/media\/2740"}],"wp:attachment":[{"href":"https:\/\/mandohome.com.ar\/tienda\/wp-json\/wp\/v2\/media?parent=2378"}],"wp:term":[{"taxonomy":"product_brand","embeddable":true,"href":"https:\/\/mandohome.com.ar\/tienda\/wp-json\/wp\/v2\/product_brand?post=2378"},{"taxonomy":"product_cat","embeddable":true,"href":"https:\/\/mandohome.com.ar\/tienda\/wp-json\/wp\/v2\/product_cat?post=2378"},{"taxonomy":"product_tag","embeddable":true,"href":"https:\/\/mandohome.com.ar\/tienda\/wp-json\/wp\/v2\/product_tag?post=2378"}],"curies":[{"name":"wp","href":"https:\/\/api.w.org\/{rel}","templated":true}]}}