{"id":2382,"date":"2025-09-02T10:45:31","date_gmt":"2025-09-02T13:45:31","guid":{"rendered":"https:\/\/mandohome.com.ar\/tienda\/?post_type=product&#038;p=2382"},"modified":"2026-04-16T14:09:44","modified_gmt":"2026-04-16T17:09:44","slug":"divan-wanda-2","status":"publish","type":"product","link":"https:\/\/mandohome.com.ar\/tienda\/producto\/divan-wanda-2\/","title":{"rendered":"Divan WANDA"},"content":{"rendered":"<p><strong>Divan en\u00a0 madera maciza de para\u00edso con lustre wengu\u00e9, tapizado en pana. Incluye 2 almohadones caramelo con cintur\u00f3n de cuero vacuno y hebillas de bronce, m\u00e1s 2 almohadones decorativos. Costuras con vivo para mayor durabilidad y acabado.\u00a0<\/strong><\/p>\n","protected":false},"excerpt":{"rendered":"<p>Divan en\u00a0 madera maciza de para\u00edso con lustre wengu\u00e9, tapizado en pana. Incluye 2 almohadones caramelo con cintur\u00f3n de cuero vacuno y hebillas de bronce, m\u00e1s 2 almohadones decorativos. Costuras con vivo para mayor durabilidad y acabado.\u00a0<\/p>\n","protected":false},"featured_media":2735,"template":"","meta":{"_gspb_post_css":"","_uag_custom_page_level_css":"","_themeisle_gutenberg_block_has_review":false},"product_brand":[67],"product_cat":[107,100],"product_tag":[],"class_list":{"0":"post-2382","1":"product","2":"type-product","3":"status-publish","4":"has-post-thumbnail","6":"product_brand-mandohome","7":"product_cat-muebles","8":"product_cat-sillones","10":"first","11":"instock","12":"shipping-taxable","13":"product-type-external"},"uagb_featured_image_src":{"full":["https:\/\/mandohome.com.ar\/tienda\/wp-content\/uploads\/2025\/09\/ChatGPT-Image-20-feb-2026-15_54_34.png",1536,1024,false],"thumbnail":["https:\/\/mandohome.com.ar\/tienda\/wp-content\/uploads\/2025\/09\/ChatGPT-Image-20-feb-2026-15_54_34-150x150.png",150,150,true],"medium":["https:\/\/mandohome.com.ar\/tienda\/wp-content\/uploads\/2025\/09\/ChatGPT-Image-20-feb-2026-15_54_34-300x200.png",300,200,true],"medium_large":["https:\/\/mandohome.com.ar\/tienda\/wp-content\/uploads\/2025\/09\/ChatGPT-Image-20-feb-2026-15_54_34-768x512.png",768,512,true],"large":["https:\/\/mandohome.com.ar\/tienda\/wp-content\/uploads\/2025\/09\/ChatGPT-Image-20-feb-2026-15_54_34-1024x683.png",1024,683,true],"1536x1536":["https:\/\/mandohome.com.ar\/tienda\/wp-content\/uploads\/2025\/09\/ChatGPT-Image-20-feb-2026-15_54_34.png",1536,1024,false],"2048x2048":["https:\/\/mandohome.com.ar\/tienda\/wp-content\/uploads\/2025\/09\/ChatGPT-Image-20-feb-2026-15_54_34.png",1536,1024,false],"woocommerce_archive_thumbnail":["https:\/\/mandohome.com.ar\/tienda\/wp-content\/uploads\/2025\/09\/ChatGPT-Image-20-feb-2026-15_54_34-300x200.png",300,200,true],"woocommerce_thumbnail":["https:\/\/mandohome.com.ar\/tienda\/wp-content\/uploads\/2025\/09\/ChatGPT-Image-20-feb-2026-15_54_34-300x300.png",300,300,true],"woocommerce_single":["https:\/\/mandohome.com.ar\/tienda\/wp-content\/uploads\/2025\/09\/ChatGPT-Image-20-feb-2026-15_54_34-600x400.png",600,400,true],"woocommerce_gallery_thumbnail":["https:\/\/mandohome.com.ar\/tienda\/wp-content\/uploads\/2025\/09\/ChatGPT-Image-20-feb-2026-15_54_34-100x100.png",100,100,true]},"uagb_author_info":{"display_name":"CortexDigital","author_link":"https:\/\/mandohome.com.ar\/tienda\/author\/"},"uagb_comment_info":0,"uagb_excerpt":"Divan en\u00a0 madera maciza de para\u00edso con lustre wengu\u00e9, tapizado en pana. Incluye 2 almohadones caramelo con cintur\u00f3n de cuero vacuno y hebillas de bronce, m\u00e1s 2 almohadones decorativos. Costuras con vivo para mayor durabilidad y acabado.\u00a0","jetpack_sharing_enabled":true,"_links":{"self":[{"href":"https:\/\/mandohome.com.ar\/tienda\/wp-json\/wp\/v2\/product\/2382","targetHints":{"allow":["GET"]}}],"collection":[{"href":"https:\/\/mandohome.com.ar\/tienda\/wp-json\/wp\/v2\/product"}],"about":[{"href":"https:\/\/mandohome.com.ar\/tienda\/wp-json\/wp\/v2\/types\/product"}],"wp:featuredmedia":[{"embeddable":true,"href":"https:\/\/mandohome.com.ar\/tienda\/wp-json\/wp\/v2\/media\/2735"}],"wp:attachment":[{"href":"https:\/\/mandohome.com.ar\/tienda\/wp-json\/wp\/v2\/media?parent=2382"}],"wp:term":[{"taxonomy":"product_brand","embeddable":true,"href":"https:\/\/mandohome.com.ar\/tienda\/wp-json\/wp\/v2\/product_brand?post=2382"},{"taxonomy":"product_cat","embeddable":true,"href":"https:\/\/mandohome.com.ar\/tienda\/wp-json\/wp\/v2\/product_cat?post=2382"},{"taxonomy":"product_tag","embeddable":true,"href":"https:\/\/mandohome.com.ar\/tienda\/wp-json\/wp\/v2\/product_tag?post=2382"}],"curies":[{"name":"wp","href":"https:\/\/api.w.org\/{rel}","templated":true}]}}