{"id":2388,"date":"2025-09-02T10:45:31","date_gmt":"2025-09-02T13:45:31","guid":{"rendered":"https:\/\/mandohome.com.ar\/tienda\/?post_type=product&#038;p=2388"},"modified":"2026-04-10T16:15:20","modified_gmt":"2026-04-10T19:15:20","slug":"mueble-madero-center-2","status":"publish","type":"product","link":"https:\/\/mandohome.com.ar\/tienda\/producto\/mueble-madero-center-2\/","title":{"rendered":"Madero Center"},"content":{"rendered":"<p data-start=\"82\" data-end=\"453\"><strong>Mueble bajo funcional y moderno, con cuatro puertas de apertura abatible con sistema push para un manejo c\u00f3modo y sin tiradores, y dos cajones con sistema push para una apertura suave. Cuenta con un estante abierto especialmente dise\u00f1ado para equipos de audio y video, adem\u00e1s de cuatro estantes con altura regulable para adaptarse a tus necesidades de almacenamiento.<\/strong><\/p>\n<p data-start=\"455\" data-end=\"542\"><strong>Acabado laqueado brillante que aporta sofisticaci\u00f3n y estilo.<\/strong><\/p>\n<p data-start=\"544\" data-end=\"618\"><strong>Dimensiones: 6,00 m de ancho x 0,50 m de profundidad x 0,50 m de alto.<\/strong><\/p>\n<hr data-start=\"620\" data-end=\"623\" \/>\n<p data-start=\"625\" data-end=\"791\"><strong>Paneles de pared dise\u00f1ados para fondo de TV, con fondo iluminado mediante tira de luces LED continua en color blanco c\u00e1lido, creando un ambiente c\u00e1lido y moderno.<\/strong><\/p>\n<p data-start=\"793\" data-end=\"893\"><strong>Terminaci\u00f3n en laqueado combinaci\u00f3n de brillo y mate para un contraste elegante.<\/strong><\/p>\n<p data-start=\"895\" data-end=\"969\"><strong>Dimensiones: 4,00 m de ancho x 0,15 m de profundidad x 1,75 m de alto.<\/strong><\/p>\n","protected":false},"excerpt":{"rendered":"<p>Mueble bajo funcional y moderno, con cuatro puertas de apertura abatible con sistema push para un manejo c\u00f3modo y sin tiradores, y dos cajones con sistema push para una apertura suave. Cuenta con un estante abierto especialmente dise\u00f1ado para equipos de audio y video, adem\u00e1s de cuatro estantes con altura regulable para adaptarse a tus [&hellip;]<\/p>\n","protected":false},"featured_media":1701,"template":"","meta":{"_gspb_post_css":"","_uag_custom_page_level_css":"","_themeisle_gutenberg_block_has_review":false},"product_brand":[67],"product_cat":[107,113],"product_tag":[],"class_list":{"0":"post-2388","1":"product","2":"type-product","3":"status-publish","4":"has-post-thumbnail","6":"product_brand-mandohome","7":"product_cat-muebles","8":"product_cat-racks","10":"first","11":"instock","12":"shipping-taxable","13":"product-type-external"},"uagb_featured_image_src":{"full":["https:\/\/mandohome.com.ar\/tienda\/wp-content\/uploads\/2025\/04\/mueble-_madero-Center_-scaled.jpg",2560,1360,false],"thumbnail":["https:\/\/mandohome.com.ar\/tienda\/wp-content\/uploads\/2025\/04\/mueble-_madero-Center_-150x150.jpg",150,150,true],"medium":["https:\/\/mandohome.com.ar\/tienda\/wp-content\/uploads\/2025\/04\/mueble-_madero-Center_-300x159.jpg",300,159,true],"medium_large":["https:\/\/mandohome.com.ar\/tienda\/wp-content\/uploads\/2025\/04\/mueble-_madero-Center_-768x408.jpg",768,408,true],"large":["https:\/\/mandohome.com.ar\/tienda\/wp-content\/uploads\/2025\/04\/mueble-_madero-Center_-1024x544.jpg",1024,544,true],"1536x1536":["https:\/\/mandohome.com.ar\/tienda\/wp-content\/uploads\/2025\/04\/mueble-_madero-Center_-1536x816.jpg",1536,816,true],"2048x2048":["https:\/\/mandohome.com.ar\/tienda\/wp-content\/uploads\/2025\/04\/mueble-_madero-Center_-2048x1088.jpg",2048,1088,true],"woocommerce_archive_thumbnail":["https:\/\/mandohome.com.ar\/tienda\/wp-content\/uploads\/2025\/04\/mueble-_madero-Center_-300x159.jpg",300,159,true],"woocommerce_thumbnail":["https:\/\/mandohome.com.ar\/tienda\/wp-content\/uploads\/2025\/04\/mueble-_madero-Center_-300x300.jpg",300,300,true],"woocommerce_single":["https:\/\/mandohome.com.ar\/tienda\/wp-content\/uploads\/2025\/04\/mueble-_madero-Center_-600x319.jpg",600,319,true],"woocommerce_gallery_thumbnail":["https:\/\/mandohome.com.ar\/tienda\/wp-content\/uploads\/2025\/04\/mueble-_madero-Center_-100x100.jpg",100,100,true]},"uagb_author_info":{"display_name":"CortexDigital","author_link":"https:\/\/mandohome.com.ar\/tienda\/author\/"},"uagb_comment_info":0,"uagb_excerpt":"Mueble bajo funcional y moderno, con cuatro puertas de apertura abatible con sistema push para un manejo c\u00f3modo y sin tiradores, y dos cajones con sistema push para una apertura suave. Cuenta con un estante abierto especialmente dise\u00f1ado para equipos de audio y video, adem\u00e1s de cuatro estantes con altura regulable para adaptarse a tus&hellip;","jetpack_sharing_enabled":true,"_links":{"self":[{"href":"https:\/\/mandohome.com.ar\/tienda\/wp-json\/wp\/v2\/product\/2388","targetHints":{"allow":["GET"]}}],"collection":[{"href":"https:\/\/mandohome.com.ar\/tienda\/wp-json\/wp\/v2\/product"}],"about":[{"href":"https:\/\/mandohome.com.ar\/tienda\/wp-json\/wp\/v2\/types\/product"}],"wp:featuredmedia":[{"embeddable":true,"href":"https:\/\/mandohome.com.ar\/tienda\/wp-json\/wp\/v2\/media\/1701"}],"wp:attachment":[{"href":"https:\/\/mandohome.com.ar\/tienda\/wp-json\/wp\/v2\/media?parent=2388"}],"wp:term":[{"taxonomy":"product_brand","embeddable":true,"href":"https:\/\/mandohome.com.ar\/tienda\/wp-json\/wp\/v2\/product_brand?post=2388"},{"taxonomy":"product_cat","embeddable":true,"href":"https:\/\/mandohome.com.ar\/tienda\/wp-json\/wp\/v2\/product_cat?post=2388"},{"taxonomy":"product_tag","embeddable":true,"href":"https:\/\/mandohome.com.ar\/tienda\/wp-json\/wp\/v2\/product_tag?post=2388"}],"curies":[{"name":"wp","href":"https:\/\/api.w.org\/{rel}","templated":true}]}}