{"id":2394,"date":"2025-09-02T10:45:31","date_gmt":"2025-09-02T13:45:31","guid":{"rendered":"https:\/\/mandohome.com.ar\/tienda\/?post_type=product&#038;p=2394"},"modified":"2026-04-10T16:46:05","modified_gmt":"2026-04-10T19:46:05","slug":"mesa-molinos-2","status":"publish","type":"product","link":"https:\/\/mandohome.com.ar\/tienda\/producto\/mesa-molinos-2\/","title":{"rendered":"Mesa Molinos"},"content":{"rendered":"<p><strong>Mesa laqueada en blanco semi mate, con delicados detalles en pintura gris que aportan un toque sofisticado. Herrajes niquelados con dise\u00f1o de hojas y rosetas que realzan la elegancia y el estilo cl\u00e1sico contempor\u00e1neo de la pieza.<\/strong><\/p>\n<p>Medidas:Alto total:0.70cm Diametro:0.60cm<\/p>\n","protected":false},"excerpt":{"rendered":"<p>Mesa laqueada en blanco semi mate, con delicados detalles en pintura gris que aportan un toque sofisticado. Herrajes niquelados con dise\u00f1o de hojas y rosetas que realzan la elegancia y el estilo cl\u00e1sico contempor\u00e1neo de la pieza. Medidas:Alto total:0.70cm Diametro:0.60cm<\/p>\n","protected":false},"featured_media":2719,"template":"","meta":{"_gspb_post_css":"","_uag_custom_page_level_css":"","_themeisle_gutenberg_block_has_review":false},"product_brand":[67],"product_cat":[93,91,107],"product_tag":[],"class_list":{"0":"post-2394","1":"product","2":"type-product","3":"status-publish","4":"has-post-thumbnail","6":"product_brand-mandohome","7":"product_cat-living-comedor","8":"product_cat-mesas","9":"product_cat-muebles","11":"first","12":"instock","13":"shipping-taxable","14":"product-type-external"},"uagb_featured_image_src":{"full":["https:\/\/mandohome.com.ar\/tienda\/wp-content\/uploads\/2025\/09\/ChatGPT-Image-18-feb-2026-14_45_02.png",1024,1024,false],"thumbnail":["https:\/\/mandohome.com.ar\/tienda\/wp-content\/uploads\/2025\/09\/ChatGPT-Image-18-feb-2026-14_45_02-150x150.png",150,150,true],"medium":["https:\/\/mandohome.com.ar\/tienda\/wp-content\/uploads\/2025\/09\/ChatGPT-Image-18-feb-2026-14_45_02-300x300.png",300,300,true],"medium_large":["https:\/\/mandohome.com.ar\/tienda\/wp-content\/uploads\/2025\/09\/ChatGPT-Image-18-feb-2026-14_45_02-768x768.png",768,768,true],"large":["https:\/\/mandohome.com.ar\/tienda\/wp-content\/uploads\/2025\/09\/ChatGPT-Image-18-feb-2026-14_45_02.png",1024,1024,false],"1536x1536":["https:\/\/mandohome.com.ar\/tienda\/wp-content\/uploads\/2025\/09\/ChatGPT-Image-18-feb-2026-14_45_02.png",1024,1024,false],"2048x2048":["https:\/\/mandohome.com.ar\/tienda\/wp-content\/uploads\/2025\/09\/ChatGPT-Image-18-feb-2026-14_45_02.png",1024,1024,false],"woocommerce_archive_thumbnail":["https:\/\/mandohome.com.ar\/tienda\/wp-content\/uploads\/2025\/09\/ChatGPT-Image-18-feb-2026-14_45_02-300x300.png",300,300,true],"woocommerce_thumbnail":["https:\/\/mandohome.com.ar\/tienda\/wp-content\/uploads\/2025\/09\/ChatGPT-Image-18-feb-2026-14_45_02-300x300.png",300,300,true],"woocommerce_single":["https:\/\/mandohome.com.ar\/tienda\/wp-content\/uploads\/2025\/09\/ChatGPT-Image-18-feb-2026-14_45_02-600x600.png",600,600,true],"woocommerce_gallery_thumbnail":["https:\/\/mandohome.com.ar\/tienda\/wp-content\/uploads\/2025\/09\/ChatGPT-Image-18-feb-2026-14_45_02-100x100.png",100,100,true]},"uagb_author_info":{"display_name":"CortexDigital","author_link":"https:\/\/mandohome.com.ar\/tienda\/author\/"},"uagb_comment_info":0,"uagb_excerpt":"Mesa laqueada en blanco semi mate, con delicados detalles en pintura gris que aportan un toque sofisticado. Herrajes niquelados con dise\u00f1o de hojas y rosetas que realzan la elegancia y el estilo cl\u00e1sico contempor\u00e1neo de la pieza. Medidas:Alto total:0.70cm Diametro:0.60cm","jetpack_sharing_enabled":true,"_links":{"self":[{"href":"https:\/\/mandohome.com.ar\/tienda\/wp-json\/wp\/v2\/product\/2394","targetHints":{"allow":["GET"]}}],"collection":[{"href":"https:\/\/mandohome.com.ar\/tienda\/wp-json\/wp\/v2\/product"}],"about":[{"href":"https:\/\/mandohome.com.ar\/tienda\/wp-json\/wp\/v2\/types\/product"}],"wp:featuredmedia":[{"embeddable":true,"href":"https:\/\/mandohome.com.ar\/tienda\/wp-json\/wp\/v2\/media\/2719"}],"wp:attachment":[{"href":"https:\/\/mandohome.com.ar\/tienda\/wp-json\/wp\/v2\/media?parent=2394"}],"wp:term":[{"taxonomy":"product_brand","embeddable":true,"href":"https:\/\/mandohome.com.ar\/tienda\/wp-json\/wp\/v2\/product_brand?post=2394"},{"taxonomy":"product_cat","embeddable":true,"href":"https:\/\/mandohome.com.ar\/tienda\/wp-json\/wp\/v2\/product_cat?post=2394"},{"taxonomy":"product_tag","embeddable":true,"href":"https:\/\/mandohome.com.ar\/tienda\/wp-json\/wp\/v2\/product_tag?post=2394"}],"curies":[{"name":"wp","href":"https:\/\/api.w.org\/{rel}","templated":true}]}}