{"id":2414,"date":"2025-09-02T10:45:33","date_gmt":"2025-09-02T13:45:33","guid":{"rendered":"https:\/\/mandohome.com.ar\/tienda\/?post_type=product&#038;p=2414"},"modified":"2026-04-07T16:37:07","modified_gmt":"2026-04-07T19:37:07","slug":"sillon-cher-2","status":"publish","type":"product","link":"https:\/\/mandohome.com.ar\/tienda\/producto\/sillon-cher-2\/","title":{"rendered":"Sill\u00f3n CHER"},"content":{"rendered":"<p><strong>Sill\u00f3n Cher curvo de dise\u00f1o contempor\u00e1neo, tapizado en telas suaves y resistentes cuenta con 2 mts de largo, pensado para brindar confort envolvente y un estilo sofisticado a cualquier ambiente,Totalmente personalizable en color y tipo de tapizado para adaptarse a tu estilo<\/strong><\/p>\n","protected":false},"excerpt":{"rendered":"<p>Sill\u00f3n Cher curvo de dise\u00f1o contempor\u00e1neo, tapizado en telas suaves y resistentes cuenta con 2 mts de largo, pensado para brindar confort envolvente y un estilo sofisticado a cualquier ambiente,Totalmente personalizable en color y tipo de tapizado para adaptarse a tu estilo<\/p>\n","protected":false},"featured_media":2509,"template":"","meta":{"_gspb_post_css":"","_uag_custom_page_level_css":"","_themeisle_gutenberg_block_has_review":false},"product_brand":[67],"product_cat":[107,100],"product_tag":[],"class_list":{"0":"post-2414","1":"product","2":"type-product","3":"status-publish","4":"has-post-thumbnail","6":"product_brand-mandohome","7":"product_cat-muebles","8":"product_cat-sillones","10":"first","11":"instock","12":"shipping-taxable","13":"product-type-external"},"uagb_featured_image_src":{"full":["https:\/\/mandohome.com.ar\/tienda\/wp-content\/uploads\/2025\/09\/ChatGPT-Image-9-sept-2025-13_19_14.png",1024,1536,false],"thumbnail":["https:\/\/mandohome.com.ar\/tienda\/wp-content\/uploads\/2025\/09\/ChatGPT-Image-9-sept-2025-13_19_14-150x150.png",150,150,true],"medium":["https:\/\/mandohome.com.ar\/tienda\/wp-content\/uploads\/2025\/09\/ChatGPT-Image-9-sept-2025-13_19_14-200x300.png",200,300,true],"medium_large":["https:\/\/mandohome.com.ar\/tienda\/wp-content\/uploads\/2025\/09\/ChatGPT-Image-9-sept-2025-13_19_14-768x1152.png",768,1152,true],"large":["https:\/\/mandohome.com.ar\/tienda\/wp-content\/uploads\/2025\/09\/ChatGPT-Image-9-sept-2025-13_19_14-683x1024.png",683,1024,true],"1536x1536":["https:\/\/mandohome.com.ar\/tienda\/wp-content\/uploads\/2025\/09\/ChatGPT-Image-9-sept-2025-13_19_14.png",1024,1536,false],"2048x2048":["https:\/\/mandohome.com.ar\/tienda\/wp-content\/uploads\/2025\/09\/ChatGPT-Image-9-sept-2025-13_19_14.png",1024,1536,false],"woocommerce_archive_thumbnail":["https:\/\/mandohome.com.ar\/tienda\/wp-content\/uploads\/2025\/09\/ChatGPT-Image-9-sept-2025-13_19_14-300x450.png",300,450,true],"woocommerce_thumbnail":["https:\/\/mandohome.com.ar\/tienda\/wp-content\/uploads\/2025\/09\/ChatGPT-Image-9-sept-2025-13_19_14-300x300.png",300,300,true],"woocommerce_single":["https:\/\/mandohome.com.ar\/tienda\/wp-content\/uploads\/2025\/09\/ChatGPT-Image-9-sept-2025-13_19_14-600x900.png",600,900,true],"woocommerce_gallery_thumbnail":["https:\/\/mandohome.com.ar\/tienda\/wp-content\/uploads\/2025\/09\/ChatGPT-Image-9-sept-2025-13_19_14-100x100.png",100,100,true]},"uagb_author_info":{"display_name":"CortexDigital","author_link":"https:\/\/mandohome.com.ar\/tienda\/author\/"},"uagb_comment_info":0,"uagb_excerpt":"Sill\u00f3n Cher curvo de dise\u00f1o contempor\u00e1neo, tapizado en telas suaves y resistentes cuenta con 2 mts de largo, pensado para brindar confort envolvente y un estilo sofisticado a cualquier ambiente,Totalmente personalizable en color y tipo de tapizado para adaptarse a tu estilo","jetpack_sharing_enabled":true,"_links":{"self":[{"href":"https:\/\/mandohome.com.ar\/tienda\/wp-json\/wp\/v2\/product\/2414","targetHints":{"allow":["GET"]}}],"collection":[{"href":"https:\/\/mandohome.com.ar\/tienda\/wp-json\/wp\/v2\/product"}],"about":[{"href":"https:\/\/mandohome.com.ar\/tienda\/wp-json\/wp\/v2\/types\/product"}],"wp:featuredmedia":[{"embeddable":true,"href":"https:\/\/mandohome.com.ar\/tienda\/wp-json\/wp\/v2\/media\/2509"}],"wp:attachment":[{"href":"https:\/\/mandohome.com.ar\/tienda\/wp-json\/wp\/v2\/media?parent=2414"}],"wp:term":[{"taxonomy":"product_brand","embeddable":true,"href":"https:\/\/mandohome.com.ar\/tienda\/wp-json\/wp\/v2\/product_brand?post=2414"},{"taxonomy":"product_cat","embeddable":true,"href":"https:\/\/mandohome.com.ar\/tienda\/wp-json\/wp\/v2\/product_cat?post=2414"},{"taxonomy":"product_tag","embeddable":true,"href":"https:\/\/mandohome.com.ar\/tienda\/wp-json\/wp\/v2\/product_tag?post=2414"}],"curies":[{"name":"wp","href":"https:\/\/api.w.org\/{rel}","templated":true}]}}