{"id":2418,"date":"2025-09-02T10:45:33","date_gmt":"2025-09-02T13:45:33","guid":{"rendered":"https:\/\/mandohome.com.ar\/tienda\/?post_type=product&#038;p=2418"},"modified":"2026-04-07T16:14:16","modified_gmt":"2026-04-07T19:14:16","slug":"biblioteca-london-2","status":"publish","type":"product","link":"https:\/\/mandohome.com.ar\/tienda\/producto\/biblioteca-london-2\/","title":{"rendered":"Biblioteca London"},"content":{"rendered":"<p><strong>Biblioteca London de dise\u00f1o contempor\u00e1neo, fabricada en mdf enchapado en cedrillo, que resalta la calidez y nobleza de la madera. Incorpora iluminaci\u00f3n LED integrada para realzar sus l\u00edneas y destacar cada objeto exhibido, Medidas:3.10mts de ancho y de alto 2.45mts<\/strong><\/p>\n","protected":false},"excerpt":{"rendered":"<p>Biblioteca London de dise\u00f1o contempor\u00e1neo, fabricada en mdf enchapado en cedrillo, que resalta la calidez y nobleza de la madera. Incorpora iluminaci\u00f3n LED integrada para realzar sus l\u00edneas y destacar cada objeto exhibido, Medidas:3.10mts de ancho y de alto 2.45mts<\/p>\n","protected":false},"featured_media":2506,"template":"","meta":{"_gspb_post_css":"","_uag_custom_page_level_css":"","_themeisle_gutenberg_block_has_review":false},"product_brand":[67],"product_cat":[112,107],"product_tag":[],"class_list":{"0":"post-2418","1":"product","2":"type-product","3":"status-publish","4":"has-post-thumbnail","6":"product_brand-mandohome","7":"product_cat-bibliotecas","8":"product_cat-muebles","10":"first","11":"instock","12":"shipping-taxable","13":"product-type-external"},"uagb_featured_image_src":{"full":["https:\/\/mandohome.com.ar\/tienda\/wp-content\/uploads\/2025\/09\/ChatGPT-Image-8-sept-2025-19_37_02.png",1536,1024,false],"thumbnail":["https:\/\/mandohome.com.ar\/tienda\/wp-content\/uploads\/2025\/09\/ChatGPT-Image-8-sept-2025-19_37_02-150x150.png",150,150,true],"medium":["https:\/\/mandohome.com.ar\/tienda\/wp-content\/uploads\/2025\/09\/ChatGPT-Image-8-sept-2025-19_37_02-300x200.png",300,200,true],"medium_large":["https:\/\/mandohome.com.ar\/tienda\/wp-content\/uploads\/2025\/09\/ChatGPT-Image-8-sept-2025-19_37_02-768x512.png",768,512,true],"large":["https:\/\/mandohome.com.ar\/tienda\/wp-content\/uploads\/2025\/09\/ChatGPT-Image-8-sept-2025-19_37_02-1024x683.png",1024,683,true],"1536x1536":["https:\/\/mandohome.com.ar\/tienda\/wp-content\/uploads\/2025\/09\/ChatGPT-Image-8-sept-2025-19_37_02.png",1536,1024,false],"2048x2048":["https:\/\/mandohome.com.ar\/tienda\/wp-content\/uploads\/2025\/09\/ChatGPT-Image-8-sept-2025-19_37_02.png",1536,1024,false],"woocommerce_archive_thumbnail":["https:\/\/mandohome.com.ar\/tienda\/wp-content\/uploads\/2025\/09\/ChatGPT-Image-8-sept-2025-19_37_02-300x200.png",300,200,true],"woocommerce_thumbnail":["https:\/\/mandohome.com.ar\/tienda\/wp-content\/uploads\/2025\/09\/ChatGPT-Image-8-sept-2025-19_37_02-300x300.png",300,300,true],"woocommerce_single":["https:\/\/mandohome.com.ar\/tienda\/wp-content\/uploads\/2025\/09\/ChatGPT-Image-8-sept-2025-19_37_02-600x400.png",600,400,true],"woocommerce_gallery_thumbnail":["https:\/\/mandohome.com.ar\/tienda\/wp-content\/uploads\/2025\/09\/ChatGPT-Image-8-sept-2025-19_37_02-100x100.png",100,100,true]},"uagb_author_info":{"display_name":"CortexDigital","author_link":"https:\/\/mandohome.com.ar\/tienda\/author\/"},"uagb_comment_info":0,"uagb_excerpt":"Biblioteca London de dise\u00f1o contempor\u00e1neo, fabricada en mdf enchapado en cedrillo, que resalta la calidez y nobleza de la madera. Incorpora iluminaci\u00f3n LED integrada para realzar sus l\u00edneas y destacar cada objeto exhibido, Medidas:3.10mts de ancho y de alto 2.45mts","jetpack_sharing_enabled":true,"_links":{"self":[{"href":"https:\/\/mandohome.com.ar\/tienda\/wp-json\/wp\/v2\/product\/2418","targetHints":{"allow":["GET"]}}],"collection":[{"href":"https:\/\/mandohome.com.ar\/tienda\/wp-json\/wp\/v2\/product"}],"about":[{"href":"https:\/\/mandohome.com.ar\/tienda\/wp-json\/wp\/v2\/types\/product"}],"wp:featuredmedia":[{"embeddable":true,"href":"https:\/\/mandohome.com.ar\/tienda\/wp-json\/wp\/v2\/media\/2506"}],"wp:attachment":[{"href":"https:\/\/mandohome.com.ar\/tienda\/wp-json\/wp\/v2\/media?parent=2418"}],"wp:term":[{"taxonomy":"product_brand","embeddable":true,"href":"https:\/\/mandohome.com.ar\/tienda\/wp-json\/wp\/v2\/product_brand?post=2418"},{"taxonomy":"product_cat","embeddable":true,"href":"https:\/\/mandohome.com.ar\/tienda\/wp-json\/wp\/v2\/product_cat?post=2418"},{"taxonomy":"product_tag","embeddable":true,"href":"https:\/\/mandohome.com.ar\/tienda\/wp-json\/wp\/v2\/product_tag?post=2418"}],"curies":[{"name":"wp","href":"https:\/\/api.w.org\/{rel}","templated":true}]}}