{"id":2419,"date":"2025-09-02T10:45:33","date_gmt":"2025-09-02T13:45:33","guid":{"rendered":"https:\/\/mandohome.com.ar\/tienda\/?post_type=product&#038;p=2419"},"modified":"2026-04-10T13:32:04","modified_gmt":"2026-04-10T16:32:04","slug":"base-de-cama-highland-2","status":"publish","type":"product","link":"https:\/\/mandohome.com.ar\/tienda\/producto\/base-de-cama-highland-2\/","title":{"rendered":"Base de cama Highland"},"content":{"rendered":"<p><strong>Base de cama HIGHLAND\u00a0 con respaldo, dise\u00f1ada con estructura interna de MDF para garantizar resistencia y durabilidad. Su acabado y dise\u00f1o aportan confort y estilo, convirti\u00e9ndola en el punto focal del dormitorio.Las medidas son de 2.00mt x 1.70 con una altura de 0.40 cm. Producto totalmente personalizable en color y tipo de tapizado para adaptarse a tu estilo<\/strong><\/p>\n<p>&nbsp;<\/p>\n","protected":false},"excerpt":{"rendered":"<p>Base de cama HIGHLAND\u00a0 con respaldo, dise\u00f1ada con estructura interna de MDF para garantizar resistencia y durabilidad. Su acabado y dise\u00f1o aportan confort y estilo, convirti\u00e9ndola en el punto focal del dormitorio.Las medidas son de 2.00mt x 1.70 con una altura de 0.40 cm. Producto totalmente personalizable en color y tipo de tapizado para adaptarse [&hellip;]<\/p>\n","protected":false},"featured_media":2504,"template":"","meta":{"_gspb_post_css":"","_uag_custom_page_level_css":"","_themeisle_gutenberg_block_has_review":false},"product_brand":[67],"product_cat":[114,62],"product_tag":[],"class_list":{"0":"post-2419","1":"product","2":"type-product","3":"status-publish","4":"has-post-thumbnail","6":"product_brand-mandohome","7":"product_cat-base-de-cama","8":"product_cat-dormitorio","10":"first","11":"instock","12":"shipping-taxable","13":"product-type-external"},"uagb_featured_image_src":{"full":["https:\/\/mandohome.com.ar\/tienda\/wp-content\/uploads\/2025\/09\/ChatGPT-Image-8-sept-2025-19_26_40.png",1024,1024,false],"thumbnail":["https:\/\/mandohome.com.ar\/tienda\/wp-content\/uploads\/2025\/09\/ChatGPT-Image-8-sept-2025-19_26_40-150x150.png",150,150,true],"medium":["https:\/\/mandohome.com.ar\/tienda\/wp-content\/uploads\/2025\/09\/ChatGPT-Image-8-sept-2025-19_26_40-300x300.png",300,300,true],"medium_large":["https:\/\/mandohome.com.ar\/tienda\/wp-content\/uploads\/2025\/09\/ChatGPT-Image-8-sept-2025-19_26_40-768x768.png",768,768,true],"large":["https:\/\/mandohome.com.ar\/tienda\/wp-content\/uploads\/2025\/09\/ChatGPT-Image-8-sept-2025-19_26_40.png",1024,1024,false],"1536x1536":["https:\/\/mandohome.com.ar\/tienda\/wp-content\/uploads\/2025\/09\/ChatGPT-Image-8-sept-2025-19_26_40.png",1024,1024,false],"2048x2048":["https:\/\/mandohome.com.ar\/tienda\/wp-content\/uploads\/2025\/09\/ChatGPT-Image-8-sept-2025-19_26_40.png",1024,1024,false],"woocommerce_archive_thumbnail":["https:\/\/mandohome.com.ar\/tienda\/wp-content\/uploads\/2025\/09\/ChatGPT-Image-8-sept-2025-19_26_40-300x300.png",300,300,true],"woocommerce_thumbnail":["https:\/\/mandohome.com.ar\/tienda\/wp-content\/uploads\/2025\/09\/ChatGPT-Image-8-sept-2025-19_26_40-300x300.png",300,300,true],"woocommerce_single":["https:\/\/mandohome.com.ar\/tienda\/wp-content\/uploads\/2025\/09\/ChatGPT-Image-8-sept-2025-19_26_40-600x600.png",600,600,true],"woocommerce_gallery_thumbnail":["https:\/\/mandohome.com.ar\/tienda\/wp-content\/uploads\/2025\/09\/ChatGPT-Image-8-sept-2025-19_26_40-100x100.png",100,100,true]},"uagb_author_info":{"display_name":"CortexDigital","author_link":"https:\/\/mandohome.com.ar\/tienda\/author\/"},"uagb_comment_info":0,"uagb_excerpt":"Base de cama HIGHLAND\u00a0 con respaldo, dise\u00f1ada con estructura interna de MDF para garantizar resistencia y durabilidad. Su acabado y dise\u00f1o aportan confort y estilo, convirti\u00e9ndola en el punto focal del dormitorio.Las medidas son de 2.00mt x 1.70 con una altura de 0.40 cm. Producto totalmente personalizable en color y tipo de tapizado para adaptarse&hellip;","jetpack_sharing_enabled":true,"_links":{"self":[{"href":"https:\/\/mandohome.com.ar\/tienda\/wp-json\/wp\/v2\/product\/2419","targetHints":{"allow":["GET"]}}],"collection":[{"href":"https:\/\/mandohome.com.ar\/tienda\/wp-json\/wp\/v2\/product"}],"about":[{"href":"https:\/\/mandohome.com.ar\/tienda\/wp-json\/wp\/v2\/types\/product"}],"wp:featuredmedia":[{"embeddable":true,"href":"https:\/\/mandohome.com.ar\/tienda\/wp-json\/wp\/v2\/media\/2504"}],"wp:attachment":[{"href":"https:\/\/mandohome.com.ar\/tienda\/wp-json\/wp\/v2\/media?parent=2419"}],"wp:term":[{"taxonomy":"product_brand","embeddable":true,"href":"https:\/\/mandohome.com.ar\/tienda\/wp-json\/wp\/v2\/product_brand?post=2419"},{"taxonomy":"product_cat","embeddable":true,"href":"https:\/\/mandohome.com.ar\/tienda\/wp-json\/wp\/v2\/product_cat?post=2419"},{"taxonomy":"product_tag","embeddable":true,"href":"https:\/\/mandohome.com.ar\/tienda\/wp-json\/wp\/v2\/product_tag?post=2419"}],"curies":[{"name":"wp","href":"https:\/\/api.w.org\/{rel}","templated":true}]}}