{"id":2421,"date":"2025-09-02T10:45:33","date_gmt":"2025-09-02T13:45:33","guid":{"rendered":"https:\/\/mandohome.com.ar\/tienda\/?post_type=product&#038;p=2421"},"modified":"2026-04-15T09:43:06","modified_gmt":"2026-04-15T12:43:06","slug":"silla-barcelona-2","status":"publish","type":"product","link":"https:\/\/mandohome.com.ar\/tienda\/producto\/silla-barcelona-2\/","title":{"rendered":"Silla Barcelona"},"content":{"rendered":"<p><strong>Silla de dise\u00f1o moderno con base laqueada color manteca y tapizado beige. Elegante, c\u00f3moda y vers\u00e1til para comedor o living.<\/strong><\/p>\n<p><strong>Producto personalizable en colores y terminaciones.<\/strong><\/p>\n<p>Medidas:Altura total:0.85cm, prof total:0.52cm. Profundidas Asiento:0.50. Ancho 0.55cm<\/p>\n","protected":false},"excerpt":{"rendered":"<p>Silla de dise\u00f1o moderno con base laqueada color manteca y tapizado beige. Elegante, c\u00f3moda y vers\u00e1til para comedor o living. Producto personalizable en colores y terminaciones. Medidas:Altura total:0.85cm, prof total:0.52cm. Profundidas Asiento:0.50. Ancho 0.55cm<\/p>\n","protected":false},"featured_media":2680,"template":"","meta":{"_gspb_post_css":"","_uag_custom_page_level_css":"","_themeisle_gutenberg_block_has_review":false},"product_brand":[67],"product_cat":[107,122],"product_tag":[],"class_list":{"0":"post-2421","1":"product","2":"type-product","3":"status-publish","4":"has-post-thumbnail","6":"product_brand-mandohome","7":"product_cat-muebles","8":"product_cat-sillas","10":"first","11":"instock","12":"shipping-taxable","13":"product-type-external"},"uagb_featured_image_src":{"full":["https:\/\/mandohome.com.ar\/tienda\/wp-content\/uploads\/2025\/09\/ChatGPT-Image-14-feb-2026-10_12_54.png",1024,1536,false],"thumbnail":["https:\/\/mandohome.com.ar\/tienda\/wp-content\/uploads\/2025\/09\/ChatGPT-Image-14-feb-2026-10_12_54-150x150.png",150,150,true],"medium":["https:\/\/mandohome.com.ar\/tienda\/wp-content\/uploads\/2025\/09\/ChatGPT-Image-14-feb-2026-10_12_54-200x300.png",200,300,true],"medium_large":["https:\/\/mandohome.com.ar\/tienda\/wp-content\/uploads\/2025\/09\/ChatGPT-Image-14-feb-2026-10_12_54-768x1152.png",768,1152,true],"large":["https:\/\/mandohome.com.ar\/tienda\/wp-content\/uploads\/2025\/09\/ChatGPT-Image-14-feb-2026-10_12_54-683x1024.png",683,1024,true],"1536x1536":["https:\/\/mandohome.com.ar\/tienda\/wp-content\/uploads\/2025\/09\/ChatGPT-Image-14-feb-2026-10_12_54.png",1024,1536,false],"2048x2048":["https:\/\/mandohome.com.ar\/tienda\/wp-content\/uploads\/2025\/09\/ChatGPT-Image-14-feb-2026-10_12_54.png",1024,1536,false],"woocommerce_archive_thumbnail":["https:\/\/mandohome.com.ar\/tienda\/wp-content\/uploads\/2025\/09\/ChatGPT-Image-14-feb-2026-10_12_54-300x450.png",300,450,true],"woocommerce_thumbnail":["https:\/\/mandohome.com.ar\/tienda\/wp-content\/uploads\/2025\/09\/ChatGPT-Image-14-feb-2026-10_12_54-300x300.png",300,300,true],"woocommerce_single":["https:\/\/mandohome.com.ar\/tienda\/wp-content\/uploads\/2025\/09\/ChatGPT-Image-14-feb-2026-10_12_54-600x900.png",600,900,true],"woocommerce_gallery_thumbnail":["https:\/\/mandohome.com.ar\/tienda\/wp-content\/uploads\/2025\/09\/ChatGPT-Image-14-feb-2026-10_12_54-100x100.png",100,100,true]},"uagb_author_info":{"display_name":"CortexDigital","author_link":"https:\/\/mandohome.com.ar\/tienda\/author\/"},"uagb_comment_info":0,"uagb_excerpt":"Silla de dise\u00f1o moderno con base laqueada color manteca y tapizado beige. Elegante, c\u00f3moda y vers\u00e1til para comedor o living. Producto personalizable en colores y terminaciones. Medidas:Altura total:0.85cm, prof total:0.52cm. Profundidas Asiento:0.50. Ancho 0.55cm","jetpack_sharing_enabled":true,"_links":{"self":[{"href":"https:\/\/mandohome.com.ar\/tienda\/wp-json\/wp\/v2\/product\/2421","targetHints":{"allow":["GET"]}}],"collection":[{"href":"https:\/\/mandohome.com.ar\/tienda\/wp-json\/wp\/v2\/product"}],"about":[{"href":"https:\/\/mandohome.com.ar\/tienda\/wp-json\/wp\/v2\/types\/product"}],"wp:featuredmedia":[{"embeddable":true,"href":"https:\/\/mandohome.com.ar\/tienda\/wp-json\/wp\/v2\/media\/2680"}],"wp:attachment":[{"href":"https:\/\/mandohome.com.ar\/tienda\/wp-json\/wp\/v2\/media?parent=2421"}],"wp:term":[{"taxonomy":"product_brand","embeddable":true,"href":"https:\/\/mandohome.com.ar\/tienda\/wp-json\/wp\/v2\/product_brand?post=2421"},{"taxonomy":"product_cat","embeddable":true,"href":"https:\/\/mandohome.com.ar\/tienda\/wp-json\/wp\/v2\/product_cat?post=2421"},{"taxonomy":"product_tag","embeddable":true,"href":"https:\/\/mandohome.com.ar\/tienda\/wp-json\/wp\/v2\/product_tag?post=2421"}],"curies":[{"name":"wp","href":"https:\/\/api.w.org\/{rel}","templated":true}]}}