{"id":2560,"date":"2025-10-02T14:11:40","date_gmt":"2025-10-02T17:11:40","guid":{"rendered":"https:\/\/mandohome.com.ar\/tienda\/?post_type=product&#038;p=2560"},"modified":"2026-04-17T10:57:38","modified_gmt":"2026-04-17T13:57:38","slug":"puff-monet-3","status":"publish","type":"product","link":"https:\/\/mandohome.com.ar\/tienda\/producto\/puff-monet-3\/","title":{"rendered":"Puff Monet"},"content":{"rendered":"<p>Puff tapizado en pana suave, de dise\u00f1o cil\u00edndrico y l\u00edneas simples. Vers\u00e1til y c\u00f3modo, ideal como asiento auxiliar o apoyo decorativo. Ahora disponible en <strong data-start=\"155\" data-end=\"186\">nuevos colores de primavera<\/strong>, frescos y vibrantes para renovar tus ambientes con estilo.<\/p>\n","protected":false},"excerpt":{"rendered":"<p>Puff tapizado en pana suave, de dise\u00f1o cil\u00edndrico y l\u00edneas simples. Vers\u00e1til y c\u00f3modo, ideal como asiento auxiliar o apoyo decorativo. Ahora disponible en nuevos colores de primavera, frescos y vibrantes para renovar tus ambientes con estilo.<\/p>\n","protected":false},"featured_media":2563,"template":"","meta":{"_gspb_post_css":"","_uag_custom_page_level_css":"","_themeisle_gutenberg_block_has_review":false},"product_brand":[],"product_cat":[107,103],"product_tag":[],"class_list":{"0":"post-2560","1":"product","2":"type-product","3":"status-publish","4":"has-post-thumbnail","6":"product_cat-muebles","7":"product_cat-puff","9":"first","10":"instock","11":"shipping-taxable","12":"purchasable","13":"product-type-simple"},"uagb_featured_image_src":{"full":["https:\/\/mandohome.com.ar\/tienda\/wp-content\/uploads\/2025\/10\/ChatGPT-Image-2-oct-2025-14_16_41.png",1024,1536,false],"thumbnail":["https:\/\/mandohome.com.ar\/tienda\/wp-content\/uploads\/2025\/10\/ChatGPT-Image-2-oct-2025-14_16_41-150x150.png",150,150,true],"medium":["https:\/\/mandohome.com.ar\/tienda\/wp-content\/uploads\/2025\/10\/ChatGPT-Image-2-oct-2025-14_16_41-200x300.png",200,300,true],"medium_large":["https:\/\/mandohome.com.ar\/tienda\/wp-content\/uploads\/2025\/10\/ChatGPT-Image-2-oct-2025-14_16_41-768x1152.png",768,1152,true],"large":["https:\/\/mandohome.com.ar\/tienda\/wp-content\/uploads\/2025\/10\/ChatGPT-Image-2-oct-2025-14_16_41-683x1024.png",683,1024,true],"1536x1536":["https:\/\/mandohome.com.ar\/tienda\/wp-content\/uploads\/2025\/10\/ChatGPT-Image-2-oct-2025-14_16_41.png",1024,1536,false],"2048x2048":["https:\/\/mandohome.com.ar\/tienda\/wp-content\/uploads\/2025\/10\/ChatGPT-Image-2-oct-2025-14_16_41.png",1024,1536,false],"woocommerce_archive_thumbnail":["https:\/\/mandohome.com.ar\/tienda\/wp-content\/uploads\/2025\/10\/ChatGPT-Image-2-oct-2025-14_16_41-300x450.png",300,450,true],"woocommerce_thumbnail":["https:\/\/mandohome.com.ar\/tienda\/wp-content\/uploads\/2025\/10\/ChatGPT-Image-2-oct-2025-14_16_41-300x300.png",300,300,true],"woocommerce_single":["https:\/\/mandohome.com.ar\/tienda\/wp-content\/uploads\/2025\/10\/ChatGPT-Image-2-oct-2025-14_16_41-600x900.png",600,900,true],"woocommerce_gallery_thumbnail":["https:\/\/mandohome.com.ar\/tienda\/wp-content\/uploads\/2025\/10\/ChatGPT-Image-2-oct-2025-14_16_41-100x100.png",100,100,true]},"uagb_author_info":{"display_name":"Mando Home","author_link":"https:\/\/mandohome.com.ar\/tienda\/author\/"},"uagb_comment_info":0,"uagb_excerpt":"Puff tapizado en pana suave, de dise\u00f1o cil\u00edndrico y l\u00edneas simples. Vers\u00e1til y c\u00f3modo, ideal como asiento auxiliar o apoyo decorativo. Ahora disponible en nuevos colores de primavera, frescos y vibrantes para renovar tus ambientes con estilo.","jetpack_sharing_enabled":true,"_links":{"self":[{"href":"https:\/\/mandohome.com.ar\/tienda\/wp-json\/wp\/v2\/product\/2560","targetHints":{"allow":["GET"]}}],"collection":[{"href":"https:\/\/mandohome.com.ar\/tienda\/wp-json\/wp\/v2\/product"}],"about":[{"href":"https:\/\/mandohome.com.ar\/tienda\/wp-json\/wp\/v2\/types\/product"}],"wp:featuredmedia":[{"embeddable":true,"href":"https:\/\/mandohome.com.ar\/tienda\/wp-json\/wp\/v2\/media\/2563"}],"wp:attachment":[{"href":"https:\/\/mandohome.com.ar\/tienda\/wp-json\/wp\/v2\/media?parent=2560"}],"wp:term":[{"taxonomy":"product_brand","embeddable":true,"href":"https:\/\/mandohome.com.ar\/tienda\/wp-json\/wp\/v2\/product_brand?post=2560"},{"taxonomy":"product_cat","embeddable":true,"href":"https:\/\/mandohome.com.ar\/tienda\/wp-json\/wp\/v2\/product_cat?post=2560"},{"taxonomy":"product_tag","embeddable":true,"href":"https:\/\/mandohome.com.ar\/tienda\/wp-json\/wp\/v2\/product_tag?post=2560"}],"curies":[{"name":"wp","href":"https:\/\/api.w.org\/{rel}","templated":true}]}}