{"id":2574,"date":"2025-10-20T13:51:51","date_gmt":"2025-10-20T16:51:51","guid":{"rendered":"https:\/\/mandohome.com.ar\/tienda\/?post_type=product&#038;p=2574"},"modified":"2026-04-10T16:38:09","modified_gmt":"2026-04-10T19:38:09","slug":"conjunto-mesas-orbita","status":"publish","type":"product","link":"https:\/\/mandohome.com.ar\/tienda\/producto\/conjunto-mesas-orbita\/","title":{"rendered":"Conjunto mesas Orbita"},"content":{"rendered":"<p>Juego de dos mesitas ratonas .Dise\u00f1o moderno acabado laqueado semimate y laqueado brilloso. Su forma escult\u00f3rica y base c\u00f3nica aportan elegancia y luminosidad a cualquier living. Perfecta para un estilo minimalista y contempor\u00e1neo.<\/p>\n","protected":false},"excerpt":{"rendered":"<p>Juego de dos mesitas ratonas .Dise\u00f1o moderno acabado laqueado semimate y laqueado brilloso. Su forma escult\u00f3rica y base c\u00f3nica aportan elegancia y luminosidad a cualquier living. Perfecta para un estilo minimalista y contempor\u00e1neo.<\/p>\n","protected":false},"featured_media":2679,"template":"","meta":{"_gspb_post_css":"","_uag_custom_page_level_css":"","_themeisle_gutenberg_block_has_review":false},"product_brand":[],"product_cat":[91,92,107],"product_tag":[],"class_list":{"0":"post-2574","1":"product","2":"type-product","3":"status-publish","4":"has-post-thumbnail","6":"product_cat-mesas","7":"product_cat-mesas-ratonas","8":"product_cat-muebles","10":"first","11":"instock","12":"shipping-taxable","13":"purchasable","14":"product-type-simple"},"uagb_featured_image_src":{"full":["https:\/\/mandohome.com.ar\/tienda\/wp-content\/uploads\/2025\/10\/ChatGPT-Image-14-feb-2026-09_59_43.png",1024,1024,false],"thumbnail":["https:\/\/mandohome.com.ar\/tienda\/wp-content\/uploads\/2025\/10\/ChatGPT-Image-14-feb-2026-09_59_43-150x150.png",150,150,true],"medium":["https:\/\/mandohome.com.ar\/tienda\/wp-content\/uploads\/2025\/10\/ChatGPT-Image-14-feb-2026-09_59_43-300x300.png",300,300,true],"medium_large":["https:\/\/mandohome.com.ar\/tienda\/wp-content\/uploads\/2025\/10\/ChatGPT-Image-14-feb-2026-09_59_43-768x768.png",768,768,true],"large":["https:\/\/mandohome.com.ar\/tienda\/wp-content\/uploads\/2025\/10\/ChatGPT-Image-14-feb-2026-09_59_43.png",1024,1024,false],"1536x1536":["https:\/\/mandohome.com.ar\/tienda\/wp-content\/uploads\/2025\/10\/ChatGPT-Image-14-feb-2026-09_59_43.png",1024,1024,false],"2048x2048":["https:\/\/mandohome.com.ar\/tienda\/wp-content\/uploads\/2025\/10\/ChatGPT-Image-14-feb-2026-09_59_43.png",1024,1024,false],"woocommerce_archive_thumbnail":["https:\/\/mandohome.com.ar\/tienda\/wp-content\/uploads\/2025\/10\/ChatGPT-Image-14-feb-2026-09_59_43-300x300.png",300,300,true],"woocommerce_thumbnail":["https:\/\/mandohome.com.ar\/tienda\/wp-content\/uploads\/2025\/10\/ChatGPT-Image-14-feb-2026-09_59_43-300x300.png",300,300,true],"woocommerce_single":["https:\/\/mandohome.com.ar\/tienda\/wp-content\/uploads\/2025\/10\/ChatGPT-Image-14-feb-2026-09_59_43-600x600.png",600,600,true],"woocommerce_gallery_thumbnail":["https:\/\/mandohome.com.ar\/tienda\/wp-content\/uploads\/2025\/10\/ChatGPT-Image-14-feb-2026-09_59_43-100x100.png",100,100,true]},"uagb_author_info":{"display_name":"Mando Home","author_link":"https:\/\/mandohome.com.ar\/tienda\/author\/"},"uagb_comment_info":0,"uagb_excerpt":"Juego de dos mesitas ratonas .Dise\u00f1o moderno acabado laqueado semimate y laqueado brilloso. Su forma escult\u00f3rica y base c\u00f3nica aportan elegancia y luminosidad a cualquier living. Perfecta para un estilo minimalista y contempor\u00e1neo.","jetpack_sharing_enabled":true,"_links":{"self":[{"href":"https:\/\/mandohome.com.ar\/tienda\/wp-json\/wp\/v2\/product\/2574","targetHints":{"allow":["GET"]}}],"collection":[{"href":"https:\/\/mandohome.com.ar\/tienda\/wp-json\/wp\/v2\/product"}],"about":[{"href":"https:\/\/mandohome.com.ar\/tienda\/wp-json\/wp\/v2\/types\/product"}],"wp:featuredmedia":[{"embeddable":true,"href":"https:\/\/mandohome.com.ar\/tienda\/wp-json\/wp\/v2\/media\/2679"}],"wp:attachment":[{"href":"https:\/\/mandohome.com.ar\/tienda\/wp-json\/wp\/v2\/media?parent=2574"}],"wp:term":[{"taxonomy":"product_brand","embeddable":true,"href":"https:\/\/mandohome.com.ar\/tienda\/wp-json\/wp\/v2\/product_brand?post=2574"},{"taxonomy":"product_cat","embeddable":true,"href":"https:\/\/mandohome.com.ar\/tienda\/wp-json\/wp\/v2\/product_cat?post=2574"},{"taxonomy":"product_tag","embeddable":true,"href":"https:\/\/mandohome.com.ar\/tienda\/wp-json\/wp\/v2\/product_tag?post=2574"}],"curies":[{"name":"wp","href":"https:\/\/api.w.org\/{rel}","templated":true}]}}